{"id":3122,"date":"2022-08-10T11:43:26","date_gmt":"2022-08-10T08:43:26","guid":{"rendered":"https:\/\/www.volantislogistics.com\/?page_id=3122"},"modified":"2022-08-10T12:26:39","modified_gmt":"2022-08-10T09:26:39","slug":"3122-2","status":"publish","type":"page","link":"https:\/\/www.volantislogistics.com\/index.php\/3122-2\/","title":{"rendered":"Ro-Ro Ta\u015f\u0131mac\u0131l\u0131\u011f\u0131"},"content":{"rendered":"<section class=\"wpb-content-wrapper\"><p>[vc_row][vc_column]<div class=\"zozo-parallax-header\"><div class=\"parallax-header content-style-default\"><h2 class=\"parallax-title text-left\">Ro-Ro Ta\u015f\u0131mac\u0131l\u0131\u011f\u0131<\/h2><div class=\"parallax-desc default-style text-left\"><p>Volantis kendinden y\u00fcr\u00fcyebilen veya \u00e7ekilebilen y\u00fckler i\u00e7in Ro-Ro y\u00fckleme \u015feklini en do\u011fru ve en h\u0131zl\u0131 \u015fekilde m\u00fc\u015fterilerine sunar. Otomobil, kamyon, kamyonet, i\u015f makinalar\u0131 kendinden y\u00fcr\u00fcyebilen s\u0131n\u0131f\u0131nda de\u011ferlendirilirken, MAFI \u00fczerine y\u00fcklenebilien konteynere s\u0131\u011fmayacak b\u00fcy\u00fckl\u00fckteki ve ya a\u011f\u0131rl\u0131ktaki y\u00fckler ise \u00e7ekilebilen y\u00fckler olarak s\u0131n\u0131fland\u0131r\u0131labilir.<\/p>\n<p>Ro-Ro ta\u015f\u0131ma \u015feklinin avantajlar\u0131;<\/p>\n<p>&nbsp;<\/p>\n<\/div><\/div><\/div>[\/vc_column][\/vc_row][vc_row][vc_column width=&#8221;1\/2&#8243;]<div class=\"zozo-features-list-wrapper vc-features-list\"><div class=\"features-list\"><div class=\"features-list-inner list-text-default\"><div class=\"features-icon\"><i class=\"fas fa-check list-icon\"><\/i><\/div><div class=\"list-desc\"><p>Y\u00fckleme ve bo\u015faltma s\u0131ras\u0131nda hasar riski d\u00fc\u015f\u00fckt\u00fcr.&nbsp;<\/p>\n<\/div><\/div><\/div><\/div><div class=\"zozo-features-list-wrapper vc-features-list\"><div class=\"features-list\"><div class=\"features-list-inner list-text-default\"><div class=\"features-icon\"><i class=\"fas fa-check list-icon\"><\/i><\/div><div class=\"list-desc\"><p>Y\u00fckleme ve bo\u015faltma maaliyetleri d\u00fc\u015f\u00fckt\u00fcr.<\/p>\n<\/div><\/div><\/div><\/div><div class=\"zozo-features-list-wrapper vc-features-list\"><div class=\"features-list\"><div class=\"features-list-inner list-text-default\"><div class=\"features-icon\"><i class=\"fas fa-check list-icon\"><\/i><\/div><div class=\"list-desc\"><p>Y\u00fckleme ve bo\u015faltma s\u00fcreleri k\u0131sad\u0131r.<\/p>\n<\/div><\/div><\/div><\/div>[\/vc_column][vc_column width=&#8221;1\/2&#8243;]<div class=\"zozo-features-list-wrapper vc-features-list\"><div class=\"features-list\"><div class=\"features-list-inner list-text-default\"><div class=\"features-icon\"><i class=\"fas fa-check list-icon\"><\/i><\/div><div class=\"list-desc\"><p>Ro-ro gemilerinin h\u0131zlar\u0131&nbsp; y\u00fcksektir. Y\u00fckleme ve bo\u015flatma h\u0131zl\u0131 oldu\u011fu i\u00e7in daha \u00e7ok sefer yapma imkan\u0131 vard\u0131r.<\/p>\n<\/div><\/div><\/div><\/div><div class=\"zozo-features-list-wrapper vc-features-list\"><div class=\"features-list\"><div class=\"features-list-inner list-text-default\"><div class=\"features-icon\"><i class=\"fas fa-check list-icon\"><\/i><\/div><div class=\"list-desc\"><p>Ambar \u00fcst\u00fcne istifleme yap\u0131lmad\u0131\u011f\u0131 i\u00e7in deniz suyundan kaynakl\u0131 hasar riski yoktur.&nbsp;<\/p>\n<\/div><\/div><\/div><\/div>[\/vc_column][\/vc_row]<\/p>\n<\/section>","protected":false},"excerpt":{"rendered":"<p>[vc_row][vc_column][\/vc_column][\/vc_row][vc_row][vc_column width=&#8221;1\/2&#8243;][\/vc_column][vc_column width=&#8221;1\/2&#8243;][\/vc_column][\/vc_row]<\/p>\n","protected":false},"author":1,"featured_media":0,"parent":0,"menu_order":0,"comment_status":"closed","ping_status":"closed","template":"","meta":{"ngg_post_thumbnail":0,"footnotes":""},"_links":{"self":[{"href":"https:\/\/www.volantislogistics.com\/index.php\/wp-json\/wp\/v2\/pages\/3122"}],"collection":[{"href":"https:\/\/www.volantislogistics.com\/index.php\/wp-json\/wp\/v2\/pages"}],"about":[{"href":"https:\/\/www.volantislogistics.com\/index.php\/wp-json\/wp\/v2\/types\/page"}],"author":[{"embeddable":true,"href":"https:\/\/www.volantislogistics.com\/index.php\/wp-json\/wp\/v2\/users\/1"}],"replies":[{"embeddable":true,"href":"https:\/\/www.volantislogistics.com\/index.php\/wp-json\/wp\/v2\/comments?post=3122"}],"version-history":[{"count":5,"href":"https:\/\/www.volantislogistics.com\/index.php\/wp-json\/wp\/v2\/pages\/3122\/revisions"}],"predecessor-version":[{"id":3128,"href":"https:\/\/www.volantislogistics.com\/index.php\/wp-json\/wp\/v2\/pages\/3122\/revisions\/3128"}],"wp:attachment":[{"href":"https:\/\/www.volantislogistics.com\/index.php\/wp-json\/wp\/v2\/media?parent=3122"}],"curies":[{"name":"wp","href":"https:\/\/api.w.org\/{rel}","templated":true}]}}