{"id":3109,"date":"2022-08-09T16:09:59","date_gmt":"2022-08-09T13:09:59","guid":{"rendered":"https:\/\/www.volantislogistics.com\/?page_id=3109"},"modified":"2022-08-09T16:14:47","modified_gmt":"2022-08-09T13:14:47","slug":"pagina-principal","status":"publish","type":"page","link":"https:\/\/www.volantislogistics.com\/index.php\/es\/pagina-principal\/","title":{"rendered":"P\u00e1gina Principal"},"content":{"rendered":"<section class=\"wpb-content-wrapper\"><p>[vc_row center_row=&#8221;yes&#8221;][vc_column width=&#8221;1\/2&#8243; offset=&#8221;vc_col-lg-3 vc_col-md-3&#8243;]<div class=\"zozo-feature-box feature-box-style style-info-box style-box-without-bg style-sep-no  clearfix\" id=\"feature-box-1\"><div class=\"grid-item\"><div class=\"grid-box-inner grid-text-center grid-box-image grid-shape-none\"><div class=\"grid-image-wrapper zozo-image-wrapper img-none img-size-small\"><img loading=\"lazy\" decoding=\"async\" width=\"64\" height=\"64\" src=\"https:\/\/www.volantislogistics.com\/wp-content\/uploads\/2017\/05\/ship.png\" class=\"img-none attachment-tranzlogistics-theme-mid\" alt=\"\" title=\"ship\" \/><\/div><a href=\"https:\/\/www.volantislogistics.com\/index.php\/es\/transporte-maritimo\/\" title=\"Sea Freight\" target=\"_self\"><h3 class=\"grid-title-below grid-title text-center \" >Transporte Mar\u00edtimo<\/h3><\/a><div class=\"grid-desc\" ><p>Volantis brinda soluciones oportunas, rentables, confiables y r\u00e1pidas para todas sus necesidades de transporte mar\u00edtimo desde un punto a otro en cualquier parte del mundo, y gracias a nuestra red de conexiones globales.<\/p>\n<\/div><\/div><\/div><\/div>[\/vc_column][vc_column width=&#8221;1\/2&#8243; offset=&#8221;vc_col-lg-3 vc_col-md-3&#8243;]<div class=\"zozo-feature-box feature-box-style style-info-box style-box-without-bg style-sep-no  clearfix\" id=\"feature-box-2\"><div class=\"grid-item\"><div class=\"grid-box-inner grid-text-center grid-box-image grid-shape-none\"><div class=\"grid-image-wrapper zozo-image-wrapper img-none img-size-small\"><img loading=\"lazy\" decoding=\"async\" width=\"64\" height=\"64\" src=\"https:\/\/www.volantislogistics.com\/wp-content\/uploads\/2017\/05\/airplane.png\" class=\"img-none attachment-tranzlogistics-theme-mid\" alt=\"\" title=\"airplane\" \/><\/div><a href=\"https:\/\/www.volantislogistics.com\/index.php\/es\/transporte-aereo\/\" title=\"Air Freight\" target=\"_self\"><h3 class=\"grid-title-below grid-title text-center \" >Transporte A\u00e9reo<\/h3><\/a><div class=\"grid-desc\" ><p>Volantis proporciona soluciones r\u00e1pidas para todas las necesidades de transporte a\u00e9reo entre todos los aeropuertos del mundo. Gracias a que contamos con personal experto y una amplia red de conexiones internacionales<\/p>\n<\/div><\/div><\/div><\/div>[\/vc_column][vc_column width=&#8221;1\/2&#8243; offset=&#8221;vc_col-lg-3 vc_col-md-3&#8243;]<div class=\"zozo-feature-box feature-box-style style-info-box style-box-without-bg style-sep-no  clearfix\" id=\"feature-box-3\"><div class=\"grid-item\"><div class=\"grid-box-inner grid-text-center grid-box-image grid-shape-none\"><div class=\"grid-image-wrapper zozo-image-wrapper img-none img-size-small\"><img loading=\"lazy\" decoding=\"async\" width=\"56\" height=\"76\" src=\"https:\/\/www.volantislogistics.com\/wp-content\/uploads\/2022\/08\/4354-Donusturulmus-1.png\" class=\"img-none attachment-tranzlogistics-theme-mid\" alt=\"\" title=\"4354 [D\u00f6n\u00fc\u015ft\u00fcr\u00fclm\u00fc\u015f]\" \/><\/div><a href=\"https:\/\/www.volantislogistics.com\/index.php\/es\/servicios\/transporte-ferroviario\/\" title=\"Railway Freight\" target=\"_self\"><h3 class=\"grid-title-below grid-title text-center \" >TRANSPORTE POR PROYECTO<\/h3><\/a><div class=\"grid-desc\" ><p>Volantis coordina el transporte por proyecto reduciendo los riestos a cero porque mantiene al cliente informado y en comunicaci\u00f3n en todo momento. Una comunicaci\u00f3n especialmente \u00fatil para el transporte de carga pesada o de exceso de dimensiones (muy larga, muy ancha o muy alta).<\/p>\n<\/div><\/div><\/div><\/div>[\/vc_column][vc_column width=&#8221;1\/2&#8243; offset=&#8221;vc_col-lg-3 vc_col-md-3&#8243;]<div class=\"zozo-feature-box feature-box-style style-info-box style-box-without-bg style-sep-no  clearfix\" id=\"feature-box-4\"><div class=\"grid-item\"><div class=\"grid-box-inner grid-text-center grid-box-image grid-shape-none\"><div class=\"grid-image-wrapper zozo-image-wrapper img-none img-size-small\"><img loading=\"lazy\" decoding=\"async\" width=\"64\" height=\"64\" src=\"https:\/\/www.volantislogistics.com\/wp-content\/uploads\/2017\/05\/truck.png\" class=\"img-none attachment-tranzlogistics-theme-mid\" alt=\"\" title=\"truck\" \/><\/div><a href=\"https:\/\/www.volantislogistics.com\/index.php\/es\/transporte-terrestre\/\" title=\"Transporte Terrestre\" target=\"_self\"><h3 class=\"grid-title-below grid-title text-center \" >SPEDIZIONE DEL PROGETTO<\/h3><\/a><div class=\"grid-desc\" ><p>Volantis effettua un\u2019organizzazione di carico che riduce a zero il rischio, comunicando con il cliente in questa modalita\u2019 di trasporto che viene utilizzata soprattutto per il trasporto di merci pesanti, ingombranti (troppo lunghe, troppo larghe o troppo alte).&nbsp;<\/p>\n<\/div><\/div><\/div><\/div>[\/vc_column][\/vc_row][vc_row center_row=&#8221;yes&#8221; typo_style=&#8221;light&#8221; bg_type=&#8221;image&#8221; parallax_style=&#8221;vcpb-vz-jquery&#8221; bg_image_new=&#8221;9337|http:\/\/zozothemes.com\/wp\/mist\/wp-content\/uploads\/2015\/08\/travel-bg1.jpg&#8221; enable_overlay=&#8221;enable_overlay_value&#8221; overlay_color=&#8221;rgba(0,0,0,0.5)&#8221; overlay_pattern=&#8221;transperant&#8221; seperator_enable=&#8221;seperator_enable_value&#8221; seperator_type=&#8221;xlarge_triangle_right_seperator&#8221; seperator_position=&#8221;bottom_seperator&#8221; seperator_svg_height=&#8221;65&#8243; css=&#8221;.vc_custom_1496236769322{background-image: url(http:\/\/themes.zozothemes.com\/tranzlogistics\/wp-content\/uploads\/sites\/14\/2017\/05\/on-road_bg.jpg?id=52) !important;background-position: center !important;background-repeat: no-repeat !important;background-size: cover !important;}&#8221;][vc_column][vc_row_inner][vc_column_inner width=&#8221;1\/2&#8243; offset=&#8221;vc_col-lg-3 vc_col-md-3&#8243;]<div class=\"zozo-feature-box feature-box-style style-default-box style-sep-yes  clearfix\" id=\"feature-box-5\"><div class=\"grid-item\"><div class=\"grid-box-inner grid-text-left grid-box-medium grid-box-icon-circle grid-icon-shape grid-shape-none\"><div class=\"grid-icon-wrapper no-hover shape-icon-circle\"><i class=\"simple-icon icon-trophy grid-icon zozo-icon icon-shape icon-circle icon-skin-default icon-bg pattern-1 icon-medium\"><\/i><\/div><div class=\"grid-content-wrapper\"><div class=\"grid-desc\" ><p>PREMIOS<\/p>\n<\/div><\/div><\/div><\/div><\/div>[\/vc_column_inner][vc_column_inner width=&#8221;1\/2&#8243; offset=&#8221;vc_col-lg-3 vc_col-md-3&#8243;]<div class=\"zozo-feature-box feature-box-style style-default-box style-sep-yes  clearfix\" id=\"feature-box-6\"><div class=\"grid-item\"><div class=\"grid-box-inner grid-text-left grid-box-medium grid-box-icon-circle grid-icon-shape grid-shape-none\"><div class=\"grid-icon-wrapper no-hover shape-icon-circle\"><i class=\"simple-icon icon-users grid-icon zozo-icon icon-shape icon-circle icon-skin-default icon-bg pattern-1 icon-medium\"><\/i><\/div><div class=\"grid-content-wrapper\"><div class=\"grid-desc\" ><p>CLIENTES FELICES<\/p>\n<\/div><\/div><\/div><\/div><\/div>[\/vc_column_inner][vc_column_inner width=&#8221;1\/2&#8243; offset=&#8221;vc_col-lg-3 vc_col-md-3&#8243;]<div class=\"zozo-feature-box feature-box-style style-default-box style-sep-yes  clearfix\" id=\"feature-box-7\"><div class=\"grid-item\"><div class=\"grid-box-inner grid-text-left grid-box-medium grid-box-icon-circle grid-icon-shape grid-shape-none\"><div class=\"grid-icon-wrapper no-hover shape-icon-circle\"><i class=\"simple-icon icon-user-follow grid-icon zozo-icon icon-shape icon-circle icon-skin-default icon-bg pattern-1 icon-medium\"><\/i><\/div><div class=\"grid-content-wrapper\"><div class=\"grid-desc\" ><p>TRABAJO EN EQUIPO&nbsp;<\/p>\n<\/div><\/div><\/div><\/div><\/div>[\/vc_column_inner][vc_column_inner width=&#8221;1\/2&#8243; offset=&#8221;vc_col-lg-3 vc_col-md-3&#8243;]<div class=\"zozo-feature-box feature-box-style style-default-box style-sep-yes  clearfix\" id=\"feature-box-8\"><div class=\"grid-item\"><div class=\"grid-box-inner grid-text-left grid-box-medium grid-box-icon-circle grid-icon-shape grid-shape-none\"><div class=\"grid-icon-wrapper no-hover shape-icon-circle\"><i class=\"simple-icon icon-flag grid-icon zozo-icon icon-shape icon-circle icon-skin-default icon-bg pattern-1 icon-medium\"><\/i><\/div><div class=\"grid-content-wrapper\"><div class=\"grid-desc\" ><p>EQUIPO EXPERTO&nbsp;<\/p>\n<\/div><\/div><\/div><\/div><\/div>[\/vc_column_inner][\/vc_row_inner][\/vc_column][\/vc_row][vc_row center_row=&#8221;yes&#8221; css=&#8221;.vc_custom_1623337543701{padding-bottom: 0px !important;}&#8221;][vc_column]<div class=\"zozo-parallax-header\"><div class=\"parallax-header content-style-default\"><h2 class=\"parallax-title\">VIDEOS RECIENTES<\/h2><\/div><\/div>[\/vc_column][\/vc_row][vc_row center_row=&#8221;yes&#8221; css=&#8221;.vc_custom_1623339136536{padding-top: 0px !important;}&#8221;][vc_column width=&#8221;1\/3&#8243;][vc_video link=&#8221;https:\/\/www.youtube.com\/watch?v=VAyCpgG0I3g&#8221;][\/vc_column][vc_column width=&#8221;1\/3&#8243; el_class=&#8221;text-center&#8221;][vc_video link=&#8221;https:\/\/www.youtube.com\/watch?v=5c6kQQquxEs&amp;t=139s&#8221;][vc_btn title=&#8221;VER TODO&#8221; link=&#8221;url:https%3A%2F%2Fwww.volantislogistics.com%2Findex.php%2Fes%2Fmedia-2%2Fvolantis-tv%2F|title:Volantis%20TV&#8221;][\/vc_column][vc_column width=&#8221;1\/3&#8243;][vc_video link=&#8221;https:\/\/www.youtube.com\/watch?v=kQ7dPPP-n_w&#8221;][\/vc_column][\/vc_row][vc_row parallax=&#8221;content-moving&#8221; parallax_image=&#8221;217&#8243; parallax_speed_bg=&#8221;2.0&#8243; center_row=&#8221;yes&#8221; bg_overlay=&#8221;yes&#8221; typo_style=&#8221;light&#8221;][vc_column]<div class=\"zozo-feature-box feature-box-style style-default-box style-sep-no  clearfix\" id=\"feature-box-9\"><div class=\"grid-item\"><div class=\"grid-box-inner grid-text-center grid-box-image grid-shape-none\"><h2 class=\"grid-title-below grid-title \" >CONT\u00c1CTANOS PARA TUS NECESIDADES LOG\u00cdSTICAS<\/h2><div class=\"grid-desc\" ><p>Estamos listos para ayudarte con nuestro software \u00fanico, nuestra red de comunicaci\u00f3n efectiva y con un equipo profesional y orientado a proporcionar soluciones<\/p>\n<\/div><\/div><\/div><\/div>[vc_btn title=&#8221;CONT\u00c1CTANOS&#8221; align=&#8221;center&#8221; link=&#8221;url:https%3A%2F%2Fwww.volantislogistics.com%2Findex.php%2Fes%2Fcontacto%2F|title:CONT%C3%81CTANOS&#8221;][\/vc_column][\/vc_row][vc_row center_row=&#8221;yes&#8221;][vc_column]<div class=\"zozo-parallax-header\"><div class=\"parallax-header content-style-default\"><h2 class=\"parallax-title\">Membres\u00edas De La Red<\/h2><\/div><\/div><div class=\"zozo-client-slider-wrapper client-columns-4 style-default\"><div id=\"zozo-client-grid-1\" class=\"zozo-client-grid\"><div class=\"client-item col-md-3 col-sm-4 col-xs-12\"><img loading=\"lazy\" decoding=\"async\" width=\"250\" height=\"150\" src=\"https:\/\/www.volantislogistics.com\/wp-content\/uploads\/2021\/06\/ALNA-250.png\" class=\"attachment-full\" alt=\"\" title=\"ALNA-250\" \/><\/div><div class=\"client-item col-md-3 col-sm-4 col-xs-12\"><img loading=\"lazy\" decoding=\"async\" width=\"250\" height=\"150\" src=\"https:\/\/www.volantislogistics.com\/wp-content\/uploads\/2021\/06\/UFO-250.png\" class=\"attachment-full\" alt=\"\" title=\"UFO-250\" \/><\/div><div class=\"client-item col-md-3 col-sm-4 col-xs-12\"><img loading=\"lazy\" decoding=\"async\" width=\"250\" height=\"150\" src=\"https:\/\/www.volantislogistics.com\/wp-content\/uploads\/2021\/06\/DTO-250.png\" class=\"attachment-full\" alt=\"\" title=\"DTO-250\" \/><\/div><div class=\"client-item col-md-3 col-sm-4 col-xs-12\"><img loading=\"lazy\" decoding=\"async\" width=\"250\" height=\"150\" src=\"https:\/\/www.volantislogistics.com\/wp-content\/uploads\/2021\/06\/WCA-250.png\" class=\"attachment-full\" alt=\"\" title=\"WCA-250\" \/><\/div><\/div><\/div>[\/vc_column][\/vc_row]<\/p>\n<\/section>","protected":false},"excerpt":{"rendered":"<p>[vc_row center_row=&#8221;yes&#8221;][vc_column width=&#8221;1\/2&#8243; offset=&#8221;vc_col-lg-3 vc_col-md-3&#8243;][\/vc_column][vc_column width=&#8221;1\/2&#8243; offset=&#8221;vc_col-lg-3 vc_col-md-3&#8243;][\/vc_column][vc_column width=&#8221;1\/2&#8243; offset=&#8221;vc_col-lg-3 vc_col-md-3&#8243;][\/vc_column][vc_column width=&#8221;1\/2&#8243; offset=&#8221;vc_col-lg-3 vc_col-md-3&#8243;][\/vc_column][\/vc_row][vc_row center_row=&#8221;yes&#8221; typo_style=&#8221;light&#8221; bg_type=&#8221;image&#8221; parallax_style=&#8221;vcpb-vz-jquery&#8221; bg_image_new=&#8221;9337|http:\/\/zozothemes.com\/wp\/mist\/wp-content\/uploads\/2015\/08\/travel-bg1.jpg&#8221; enable_overlay=&#8221;enable_overlay_value&#8221; overlay_color=&#8221;rgba(0,0,0,0.5)&#8221; overlay_pattern=&#8221;transperant&#8221; seperator_enable=&#8221;seperator_enable_value&#8221; seperator_type=&#8221;xlarge_triangle_right_seperator&#8221; seperator_position=&#8221;bottom_seperator&#8221; seperator_svg_height=&#8221;65&#8243; css=&#8221;.vc_custom_1496236769322{background-image: url(http:\/\/themes.zozothemes.com\/tranzlogistics\/wp-content\/uploads\/sites\/14\/2017\/05\/on-road_bg.jpg?id=52) !important;background-position: center !important;background-repeat: no-repeat !important;background-size: cover !important;}&#8221;][vc_column][vc_row_inner][vc_column_inner width=&#8221;1\/2&#8243; offset=&#8221;vc_col-lg-3 vc_col-md-3&#8243;][\/vc_column_inner][vc_column_inner width=&#8221;1\/2&#8243; offset=&#8221;vc_col-lg-3 vc_col-md-3&#8243;][\/vc_column_inner][vc_column_inner width=&#8221;1\/2&#8243; offset=&#8221;vc_col-lg-3 vc_col-md-3&#8243;][\/vc_column_inner][vc_column_inner width=&#8221;1\/2&#8243; offset=&#8221;vc_col-lg-3 vc_col-md-3&#8243;][\/vc_column_inner][\/vc_row_inner][\/vc_column][\/vc_row][vc_row center_row=&#8221;yes&#8221; css=&#8221;.vc_custom_1623337543701{padding-bottom: 0px !important;}&#8221;][vc_column][\/vc_column][\/vc_row][vc_row center_row=&#8221;yes&#8221; css=&#8221;.vc_custom_1623339136536{padding-top: 0px !important;}&#8221;][vc_column width=&#8221;1\/3&#8243;][vc_video link=&#8221;https:\/\/www.youtube.com\/watch?v=VAyCpgG0I3g&#8221;][\/vc_column][vc_column width=&#8221;1\/3&#8243; el_class=&#8221;text-center&#8221;][vc_video link=&#8221;https:\/\/www.youtube.com\/watch?v=5c6kQQquxEs&amp;t=139s&#8221;][vc_btn&#8230;<\/p>\n","protected":false},"author":1,"featured_media":0,"parent":0,"menu_order":0,"comment_status":"closed","ping_status":"closed","template":"template-fullwidth.php","meta":{"ngg_post_thumbnail":0,"footnotes":""},"_links":{"self":[{"href":"https:\/\/www.volantislogistics.com\/index.php\/wp-json\/wp\/v2\/pages\/3109"}],"collection":[{"href":"https:\/\/www.volantislogistics.com\/index.php\/wp-json\/wp\/v2\/pages"}],"about":[{"href":"https:\/\/www.volantislogistics.com\/index.php\/wp-json\/wp\/v2\/types\/page"}],"author":[{"embeddable":true,"href":"https:\/\/www.volantislogistics.com\/index.php\/wp-json\/wp\/v2\/users\/1"}],"replies":[{"embeddable":true,"href":"https:\/\/www.volantislogistics.com\/index.php\/wp-json\/wp\/v2\/comments?post=3109"}],"version-history":[{"count":3,"href":"https:\/\/www.volantislogistics.com\/index.php\/wp-json\/wp\/v2\/pages\/3109\/revisions"}],"predecessor-version":[{"id":3272,"href":"https:\/\/www.volantislogistics.com\/index.php\/wp-json\/wp\/v2\/pages\/3109\/revisions\/3272"}],"wp:attachment":[{"href":"https:\/\/www.volantislogistics.com\/index.php\/wp-json\/wp\/v2\/media?parent=3109"}],"curies":[{"name":"wp","href":"https:\/\/api.w.org\/{rel}","templated":true}]}}