{"id":3107,"date":"2022-08-09T16:07:13","date_gmt":"2022-08-09T13:07:13","guid":{"rendered":"https:\/\/www.volantislogistics.com\/?page_id=3107"},"modified":"2026-01-29T15:11:38","modified_gmt":"2026-01-29T12:11:38","slug":"page-daccueil","status":"publish","type":"page","link":"https:\/\/www.volantislogistics.com\/index.php\/fr\/page-daccueil\/","title":{"rendered":"Page D&#8217;accueil"},"content":{"rendered":"<section class=\"wpb-content-wrapper\"><p>[vc_row center_row=&#8221;yes&#8221;][vc_column width=&#8221;1\/2&#8243; offset=&#8221;vc_col-lg-3 vc_col-md-3&#8243;]<div class=\"zozo-feature-box feature-box-style style-info-box style-box-without-bg style-sep-no  clearfix\" id=\"feature-box-1\"><div class=\"grid-item\"><div class=\"grid-box-inner grid-text-center grid-box-image grid-shape-none\"><div class=\"grid-image-wrapper zozo-image-wrapper img-none img-size-small\"><img loading=\"lazy\" decoding=\"async\" width=\"64\" height=\"64\" src=\"https:\/\/www.volantislogistics.com\/wp-content\/uploads\/2017\/05\/ship.png\" class=\"img-none attachment-tranzlogistics-theme-mid\" alt=\"\" title=\"ship\" \/><\/div><a href=\"https:\/\/www.volantislogistics.com\/index.php\/fr\/services\/fret-maritime\/\" title=\"Sea Freight\" target=\"_self\"><h3 class=\"grid-title-below grid-title text-center \" >Fret Maritime<\/h3><\/a><div class=\"grid-desc\" ><p>Volantis fournit des solutions appropri\u00e9es, rentables, fiables et rapides pour tous vos besoins en mati\u00e8re de transport maritime d&#8217;un point \u00e0 un autre dans le monde, gr\u00e2ce aux connexions \u00e0 travers le monde.<\/p>\n<\/div><\/div><\/div><\/div>[\/vc_column][vc_column width=&#8221;1\/2&#8243; offset=&#8221;vc_col-lg-3 vc_col-md-3&#8243;]<div class=\"zozo-feature-box feature-box-style style-info-box style-box-without-bg style-sep-no  clearfix\" id=\"feature-box-2\"><div class=\"grid-item\"><div class=\"grid-box-inner grid-text-center grid-box-image grid-shape-none\"><div class=\"grid-image-wrapper zozo-image-wrapper img-none img-size-small\"><img loading=\"lazy\" decoding=\"async\" width=\"64\" height=\"64\" src=\"https:\/\/www.volantislogistics.com\/wp-content\/uploads\/2017\/05\/airplane.png\" class=\"img-none attachment-tranzlogistics-theme-mid\" alt=\"\" title=\"airplane\" \/><\/div><a href=\"https:\/\/www.volantislogistics.com\/index.php\/fr\/services\/fret-aerien\/\" title=\"Air Freight\" target=\"_self\"><h3 class=\"grid-title-below grid-title text-center \" >Fret A\u00e9rien<\/h3><\/a><div class=\"grid-desc\" ><p>Volantis fournit des solutions rapides pour tous vos besoins en mati\u00e8re de transport a\u00e9rien entre tous les a\u00e9roports du monde gr\u00e2ce \u00e0 son personnel expert et \u00e0 son r\u00e9seau de services international \u00e9tendu.<\/p>\n<\/div><\/div><\/div><\/div>[\/vc_column][vc_column width=&#8221;1\/2&#8243; offset=&#8221;vc_col-lg-3 vc_col-md-3&#8243;]<div class=\"zozo-feature-box feature-box-style style-info-box style-box-without-bg style-sep-no  clearfix\" id=\"feature-box-3\"><div class=\"grid-item\"><div class=\"grid-box-inner grid-text-center grid-box-image grid-shape-none\"><div class=\"grid-image-wrapper zozo-image-wrapper img-none img-size-small\"><img loading=\"lazy\" decoding=\"async\" width=\"56\" height=\"76\" src=\"https:\/\/www.volantislogistics.com\/wp-content\/uploads\/2022\/08\/4354-Donusturulmus-2.png\" class=\"img-none attachment-tranzlogistics-theme-mid\" alt=\"\" title=\"4354 [D\u00f6n\u00fc\u015ft\u00fcr\u00fclm\u00fc\u015f]\" \/><\/div><a href=\"https:\/\/www.volantislogistics.com\/index.php\/fr\/services\/fret-ferroviaire\/\" title=\"Railway Freight\" target=\"_self\"><h3 class=\"grid-title-below grid-title text-center \" >Transport de la Charge du Projet<\/h3><\/a><div class=\"grid-desc\" ><p>Volantis r\u00e9alise une organisation du chargement qui r\u00e9duit \u00e0 z\u00e9ro le risque, en communiquant avec le client dans ce mode de transport surtout utilis\u00e9 pour le transport de marchandises lourdes et encombrantes (trop longues, trop larges ou trop hautes).<\/p>\n<\/div><\/div><\/div><\/div>[\/vc_column][vc_column width=&#8221;1\/2&#8243; offset=&#8221;vc_col-lg-3 vc_col-md-3&#8243;]<div class=\"zozo-feature-box feature-box-style style-info-box style-box-without-bg style-sep-no  clearfix\" id=\"feature-box-4\"><div class=\"grid-item\"><div class=\"grid-box-inner grid-text-center grid-box-image grid-shape-none\"><div class=\"grid-image-wrapper zozo-image-wrapper img-none img-size-small\"><img loading=\"lazy\" decoding=\"async\" width=\"64\" height=\"64\" src=\"https:\/\/www.volantislogistics.com\/wp-content\/uploads\/2017\/05\/truck.png\" class=\"img-none attachment-tranzlogistics-theme-mid\" alt=\"\" title=\"truck\" \/><\/div><a href=\"https:\/\/www.volantislogistics.com\/index.php\/fr\/fret-terrestre\/\" title=\"Fret Terrestre\" target=\"_self\"><h3 class=\"grid-title-below grid-title text-center \" >Transport Routier<\/h3><\/a><div class=\"grid-desc\" ><p>Volantis vous propose toutes sortes de v\u00e9hicules pour vos exp\u00e9ditions vers le Moyen-Orient, les pays europ\u00e9ens, les r\u00e9publiques Turques et fournit des solutions pour vos transports routiers partiels et complets.<\/p>\n<\/div><\/div><\/div><\/div>[\/vc_column][\/vc_row][vc_row center_row=&#8221;yes&#8221; typo_style=&#8221;light&#8221; bg_type=&#8221;image&#8221; parallax_style=&#8221;vcpb-vz-jquery&#8221; bg_image_new=&#8221;9337|http:\/\/zozothemes.com\/wp\/mist\/wp-content\/uploads\/2015\/08\/travel-bg1.jpg&#8221; enable_overlay=&#8221;enable_overlay_value&#8221; overlay_color=&#8221;rgba(0,0,0,0.5)&#8221; overlay_pattern=&#8221;transperant&#8221; seperator_enable=&#8221;seperator_enable_value&#8221; seperator_type=&#8221;xlarge_triangle_right_seperator&#8221; seperator_position=&#8221;bottom_seperator&#8221; seperator_svg_height=&#8221;65&#8243; css=&#8221;.vc_custom_1496236769322{background-image: url(http:\/\/themes.zozothemes.com\/tranzlogistics\/wp-content\/uploads\/sites\/14\/2017\/05\/on-road_bg.jpg?id=52) !important;background-position: center !important;background-repeat: no-repeat !important;background-size: cover !important;}&#8221;][vc_column][vc_row_inner][vc_column_inner width=&#8221;1\/2&#8243; offset=&#8221;vc_col-lg-3 vc_col-md-3&#8243;]<div class=\"zozo-feature-box feature-box-style style-default-box style-sep-yes  clearfix\" id=\"feature-box-5\"><div class=\"grid-item\"><div class=\"grid-box-inner grid-text-left grid-box-medium grid-box-icon-circle grid-icon-shape grid-shape-none\"><div class=\"grid-icon-wrapper no-hover shape-icon-circle\"><i class=\"simple-icon icon-trophy grid-icon zozo-icon icon-shape icon-circle icon-skin-default icon-bg pattern-1 icon-medium\"><\/i><\/div><div class=\"grid-content-wrapper\"><div class=\"grid-desc\" ><p>R\u00c9COMPENSES DES R\u00c9SEAUX<\/p>\n<\/div><\/div><\/div><\/div><\/div>[\/vc_column_inner][vc_column_inner width=&#8221;1\/2&#8243; offset=&#8221;vc_col-lg-3 vc_col-md-3&#8243;]<div class=\"zozo-feature-box feature-box-style style-default-box style-sep-yes  clearfix\" id=\"feature-box-6\"><div class=\"grid-item\"><div class=\"grid-box-inner grid-text-left grid-box-medium grid-box-icon-circle grid-icon-shape grid-shape-none\"><div class=\"grid-icon-wrapper no-hover shape-icon-circle\"><i class=\"simple-icon icon-users grid-icon zozo-icon icon-shape icon-circle icon-skin-default icon-bg pattern-1 icon-medium\"><\/i><\/div><div class=\"grid-content-wrapper\"><div class=\"grid-desc\" ><p>SATISFATION DES CLIENTS<\/p>\n<\/div><\/div><\/div><\/div><\/div>[\/vc_column_inner][vc_column_inner width=&#8221;1\/2&#8243; offset=&#8221;vc_col-lg-3 vc_col-md-3&#8243;]<div class=\"zozo-feature-box feature-box-style style-default-box style-sep-yes  clearfix\" id=\"feature-box-7\"><div class=\"grid-item\"><div class=\"grid-box-inner grid-text-left grid-box-medium grid-box-icon-circle grid-icon-shape grid-shape-none\"><div class=\"grid-icon-wrapper no-hover shape-icon-circle\"><i class=\"simple-icon icon-user-follow grid-icon zozo-icon icon-shape icon-circle icon-skin-default icon-bg pattern-1 icon-medium\"><\/i><\/div><div class=\"grid-content-wrapper\"><div class=\"grid-desc\" ><p>TRAVAIL D&#8217;\u00c9QUIPE<\/p>\n<\/div><\/div><\/div><\/div><\/div>[\/vc_column_inner][vc_column_inner width=&#8221;1\/2&#8243; offset=&#8221;vc_col-lg-3 vc_col-md-3&#8243;]<div class=\"zozo-feature-box feature-box-style style-default-box style-sep-yes  clearfix\" id=\"feature-box-8\"><div class=\"grid-item\"><div class=\"grid-box-inner grid-text-left grid-box-medium grid-box-icon-circle grid-icon-shape grid-shape-none\"><div class=\"grid-icon-wrapper no-hover shape-icon-circle\"><i class=\"simple-icon icon-flag grid-icon zozo-icon icon-shape icon-circle icon-skin-default icon-bg pattern-1 icon-medium\"><\/i><\/div><div class=\"grid-content-wrapper\"><div class=\"grid-desc\" ><p>\u00c9QUIPE D&#8217;EXPERTS<\/p>\n<\/div><\/div><\/div><\/div><\/div>[\/vc_column_inner][\/vc_row_inner][\/vc_column][\/vc_row][vc_row center_row=&#8221;yes&#8221; css=&#8221;.vc_custom_1623337543701{padding-bottom: 0px !important;}&#8221;][vc_column]<div class=\"zozo-parallax-header\"><div class=\"parallax-header content-style-default\"><h2 class=\"parallax-title\">LES DERNI\u00c8RES VID\u00c9OS<\/h2><\/div><\/div>[\/vc_column][\/vc_row][vc_row center_row=&#8221;yes&#8221; css=&#8221;.vc_custom_1623339136536{padding-top: 0px !important;}&#8221;][vc_column width=&#8221;1\/3&#8243;][vc_video link=&#8221;https:\/\/www.youtube.com\/watch?v=qnXUb4K1eTY&amp;t=2s&#8221;][\/vc_column][vc_column width=&#8221;1\/3&#8243; el_class=&#8221;text-center&#8221;][vc_video link=&#8221;https:\/\/www.youtube.com\/watch?v=KDbRgocUdwI&amp;t=9s&#8221;][vc_btn title=&#8221;VOIR TOUT&#8221; link=&#8221;url:https%3A%2F%2Fwww.volantislogistics.com%2Findex.php%2Fen%2Fmedia%2Fvolantis-tv%2F|title:Volantis%20TV&#8221;][\/vc_column][vc_column width=&#8221;1\/3&#8243;][vc_video link=&#8221;https:\/\/www.youtube.com\/watch?v=kQ7dPPP-n_w&#8221;][\/vc_column][\/vc_row][vc_row parallax=&#8221;content-moving&#8221; parallax_image=&#8221;217&#8243; parallax_speed_bg=&#8221;2.0&#8243; center_row=&#8221;yes&#8221; bg_overlay=&#8221;yes&#8221; typo_style=&#8221;light&#8221;][vc_column]<div class=\"zozo-feature-box feature-box-style style-default-box style-sep-no  clearfix\" id=\"feature-box-9\"><div class=\"grid-item\"><div class=\"grid-box-inner grid-text-center grid-box-image grid-shape-none\"><h2 class=\"grid-title-below grid-title \" >Contactez Nous Pour Vos Besoins En Logistique<\/h2><div class=\"grid-desc\" ><p>Nous sommes \u00e0 votre service avec notre logiciel de logistique unique, notre r\u00e9seau de communication efficace et notre \u00e9quipe professionnelle et orient\u00e9e vers les solutions.<\/p>\n<\/div><\/div><\/div><\/div>[vc_btn title=&#8221;Nous Contacter&#8221; align=&#8221;center&#8221; link=&#8221;url:https%3A%2F%2Fwww.volantislogistics.com%2Findex.php%2Ffr%2Fcontactez-nous%2F|title:%C4%B0leti%C5%9Fim&#8221;][\/vc_column][\/vc_row][vc_row center_row=&#8221;yes&#8221;][vc_column]<div class=\"zozo-parallax-header\"><div class=\"parallax-header content-style-default\"><h2 class=\"parallax-title\">Affiliations aux Networks<\/h2><\/div><\/div><div class=\"zozo-client-slider-wrapper client-columns-4 style-default\"><div id=\"zozo-client-grid-1\" class=\"zozo-client-grid\"><div class=\"client-item col-md-3 col-sm-4 col-xs-12\"><img loading=\"lazy\" decoding=\"async\" width=\"250\" height=\"150\" src=\"https:\/\/www.volantislogistics.com\/wp-content\/uploads\/2021\/06\/ALNA-250.png\" class=\"attachment-full\" alt=\"\" title=\"ALNA-250\" \/><\/div><div class=\"client-item col-md-3 col-sm-4 col-xs-12\"><img loading=\"lazy\" decoding=\"async\" width=\"250\" height=\"150\" src=\"https:\/\/www.volantislogistics.com\/wp-content\/uploads\/2021\/06\/UFO-250.png\" class=\"attachment-full\" alt=\"\" title=\"UFO-250\" \/><\/div><div class=\"client-item col-md-3 col-sm-4 col-xs-12\"><img loading=\"lazy\" decoding=\"async\" width=\"250\" height=\"150\" src=\"https:\/\/www.volantislogistics.com\/wp-content\/uploads\/2021\/06\/DTO-250.png\" class=\"attachment-full\" alt=\"\" title=\"DTO-250\" \/><\/div><div class=\"client-item col-md-3 col-sm-4 col-xs-12\"><img loading=\"lazy\" decoding=\"async\" width=\"250\" height=\"150\" src=\"https:\/\/www.volantislogistics.com\/wp-content\/uploads\/2021\/06\/WCA-250.png\" class=\"attachment-full\" alt=\"\" title=\"WCA-250\" \/><\/div><\/div><\/div>[\/vc_column][\/vc_row]<\/p>\n<\/section>","protected":false},"excerpt":{"rendered":"<p>[vc_row center_row=&#8221;yes&#8221;][vc_column width=&#8221;1\/2&#8243; offset=&#8221;vc_col-lg-3 vc_col-md-3&#8243;][\/vc_column][vc_column width=&#8221;1\/2&#8243; offset=&#8221;vc_col-lg-3 vc_col-md-3&#8243;][\/vc_column][vc_column width=&#8221;1\/2&#8243; offset=&#8221;vc_col-lg-3 vc_col-md-3&#8243;][\/vc_column][vc_column width=&#8221;1\/2&#8243; offset=&#8221;vc_col-lg-3 vc_col-md-3&#8243;][\/vc_column][\/vc_row][vc_row center_row=&#8221;yes&#8221; typo_style=&#8221;light&#8221; bg_type=&#8221;image&#8221; parallax_style=&#8221;vcpb-vz-jquery&#8221; bg_image_new=&#8221;9337|http:\/\/zozothemes.com\/wp\/mist\/wp-content\/uploads\/2015\/08\/travel-bg1.jpg&#8221; enable_overlay=&#8221;enable_overlay_value&#8221; overlay_color=&#8221;rgba(0,0,0,0.5)&#8221; overlay_pattern=&#8221;transperant&#8221; seperator_enable=&#8221;seperator_enable_value&#8221; seperator_type=&#8221;xlarge_triangle_right_seperator&#8221; seperator_position=&#8221;bottom_seperator&#8221; seperator_svg_height=&#8221;65&#8243; css=&#8221;.vc_custom_1496236769322{background-image: url(http:\/\/themes.zozothemes.com\/tranzlogistics\/wp-content\/uploads\/sites\/14\/2017\/05\/on-road_bg.jpg?id=52) !important;background-position: center !important;background-repeat: no-repeat !important;background-size: cover !important;}&#8221;][vc_column][vc_row_inner][vc_column_inner width=&#8221;1\/2&#8243; offset=&#8221;vc_col-lg-3 vc_col-md-3&#8243;][\/vc_column_inner][vc_column_inner width=&#8221;1\/2&#8243; offset=&#8221;vc_col-lg-3 vc_col-md-3&#8243;][\/vc_column_inner][vc_column_inner width=&#8221;1\/2&#8243; offset=&#8221;vc_col-lg-3 vc_col-md-3&#8243;][\/vc_column_inner][vc_column_inner width=&#8221;1\/2&#8243; offset=&#8221;vc_col-lg-3 vc_col-md-3&#8243;][\/vc_column_inner][\/vc_row_inner][\/vc_column][\/vc_row][vc_row center_row=&#8221;yes&#8221; css=&#8221;.vc_custom_1623337543701{padding-bottom: 0px !important;}&#8221;][vc_column][\/vc_column][\/vc_row][vc_row center_row=&#8221;yes&#8221; css=&#8221;.vc_custom_1623339136536{padding-top: 0px !important;}&#8221;][vc_column width=&#8221;1\/3&#8243;][vc_video link=&#8221;https:\/\/www.youtube.com\/watch?v=qnXUb4K1eTY&amp;t=2s&#8221;][\/vc_column][vc_column width=&#8221;1\/3&#8243; el_class=&#8221;text-center&#8221;][vc_video link=&#8221;https:\/\/www.youtube.com\/watch?v=KDbRgocUdwI&amp;t=9s&#8221;][vc_btn&#8230;<\/p>\n","protected":false},"author":1,"featured_media":0,"parent":0,"menu_order":0,"comment_status":"closed","ping_status":"closed","template":"template-fullwidth.php","meta":{"ngg_post_thumbnail":0,"footnotes":""},"_links":{"self":[{"href":"https:\/\/www.volantislogistics.com\/index.php\/wp-json\/wp\/v2\/pages\/3107"}],"collection":[{"href":"https:\/\/www.volantislogistics.com\/index.php\/wp-json\/wp\/v2\/pages"}],"about":[{"href":"https:\/\/www.volantislogistics.com\/index.php\/wp-json\/wp\/v2\/types\/page"}],"author":[{"embeddable":true,"href":"https:\/\/www.volantislogistics.com\/index.php\/wp-json\/wp\/v2\/users\/1"}],"replies":[{"embeddable":true,"href":"https:\/\/www.volantislogistics.com\/index.php\/wp-json\/wp\/v2\/comments?post=3107"}],"version-history":[{"count":2,"href":"https:\/\/www.volantislogistics.com\/index.php\/wp-json\/wp\/v2\/pages\/3107\/revisions"}],"predecessor-version":[{"id":3273,"href":"https:\/\/www.volantislogistics.com\/index.php\/wp-json\/wp\/v2\/pages\/3107\/revisions\/3273"}],"wp:attachment":[{"href":"https:\/\/www.volantislogistics.com\/index.php\/wp-json\/wp\/v2\/media?parent=3107"}],"curies":[{"name":"wp","href":"https:\/\/api.w.org\/{rel}","templated":true}]}}