{"id":3008,"date":"2021-10-28T12:17:17","date_gmt":"2021-10-28T09:17:17","guid":{"rendered":"https:\/\/www.volantislogistics.com\/?page_id=3008"},"modified":"2021-10-28T12:17:17","modified_gmt":"2021-10-28T09:17:17","slug":"incoterms","status":"publish","type":"page","link":"https:\/\/www.volantislogistics.com\/index.php\/fr\/base-de-donnees\/incoterms\/","title":{"rendered":"Incoterms"},"content":{"rendered":"<section class=\"wpb-content-wrapper\"><p>[vc_row][vc_column]<div class=\"zozo-parallax-header\"><div class=\"parallax-header content-style-default\"><h2 class=\"parallax-title text-left\">Incoterms<\/h2><\/div><\/div>[vc_single_image image=&#8221;2343&#8243; img_size=&#8221;full&#8221; alignment=&#8221;center&#8221;][vc_column_text]<strong>\u00c0 l&#8217;usine \/ Exworks ( EXW ) <\/strong><\/p>\n<p>Dans ce cas, le vendeur est le moins responsable de la cargaison et accepte de la livrer dans ses locaux. Une fois que les marchandises sont hors des locaux du vendeur, l&#8217;acheteur est responsable de tous les risques et de toutes les responsabilit\u00e9s. L&#8217;acheteur paie l&#8217;assurance, l&#8217;exportation depuis les locaux du vendeur et l&#8217;importation vers la destination. C&#8217;est souvent un terme utilis\u00e9 lors de l&#8217;\u00e9tablissement du prix initial d&#8217;une livraison, mais il est moins souvent utilis\u00e9 lors de l&#8217;\u00e9tablissement du prix final.<\/p>\n<p><strong>&nbsp;<\/strong><\/p>\n<p><strong>Free Carr\u0131er \/ Franco-Transporteur (FCA) <\/strong><\/p>\n<p>Sauf accord contraire, le vendeur organise et paie les frais jusqu&#8217;au point de livraison. Le point de livraison peut \u00eatre situ\u00e9 dans les locaux du vendeur ou ailleurs. Dans ce cas, l&#8217;acheteur paie l&#8217;exportation, l&#8217;importation et organise le transport.<\/p>\n<p><strong>&nbsp;<\/strong><\/p>\n<p><strong>Franco le long du navire \/ Free AlongSide Ship ( FAS) <\/strong><\/p>\n<p>Le vendeur livre la cargaison \u00e0 l&#8217;acheteur lorsque les marchandises sont le long du navire, \u00e0 port\u00e9e de l&#8217;appareil de levage du navire. \u00c0 ce stade, le risque est transf\u00e9r\u00e9 \u00e0 l&#8217;acheteur, qui se charge de trouver le transporteur principal et de payer toutes les assurances au-del\u00e0 de ce point.<\/p>\n<p><strong>&nbsp;<\/strong><\/p>\n<p><strong>Franco \u00e0 bord \/ <\/strong><strong>Free On Board (FOB) <\/strong><\/p>\n<p>Cet incoterm n&#8217;est utilis\u00e9 que pour le transport maritime. Le vendeur livre la cargaison \u00e0 bord du navire d\u00e9sign\u00e9 par l&#8217;acheteur au port d&#8217;embarquement d\u00e9sign\u00e9 ou se procure les marchandises d\u00e9j\u00e0 livr\u00e9es. Le risque est transf\u00e9r\u00e9 du vendeur \u00e0 l&#8217;acheteur lorsque l&#8217;envoi est \u00e0 bord du navire.<\/p>\n<p><strong>&nbsp;<\/strong><\/p>\n<p><strong>Cost and Freight \/ Co\u00fbt et Fret (CFR) <\/strong><\/p>\n<p>Le vendeur paie et assure la livraison de la cargaison, mais le risque est assum\u00e9 par l&#8217;acheteur. Comme pour une livraison FOB, le risque passe du vendeur \u00e0 l&#8217;acheteur lorsque la cargaison franchit le bastingage du navire. Comme le montre cet incoterm, le risque n&#8217;est pas toujours assum\u00e9 par la partie qui organise le transport !<\/p>\n<p><strong>&nbsp;<\/strong><\/p>\n<p><strong>Co\u00fbt, Assurance et Fret \/ <\/strong><strong>Cost, Insurance, Freight (CIF) <\/strong><\/p>\n<p>La principale diff\u00e9rence entre CIF et CFR est que dans le cas du CIF, le vendeur paie \u00e9galement l&#8217;assurance couvrant la livraison des marchandises jusqu&#8217;au port de destination d\u00e9sign\u00e9. \u00c9tant donn\u00e9 que le vendeur couvre le risque de l&#8217;acheteur pendant le transport, il voudra probablement avoir l&#8217;assurance la plus basse, ce qui signifie que l&#8217;acheteur peut souhaiter souscrire une assurance suppl\u00e9mentaire.<\/p>\n<p><strong>&nbsp;<\/strong><\/p>\n<p><strong>Port pay\u00e9 Jusqu\u2019\u00e0 \/ <\/strong><strong>Carriage Paid To (CPT) <\/strong><\/p>\n<p>Le vendeur passe un contrat et paie pour que l&#8217;envoi soit amen\u00e9 au lieu convenu, mais transf\u00e8re le risque \u00e0 l&#8217;acheteur \u00e0 ce stade. L&#8217;acheteur est \u00e9galement responsable de l&#8217;assurance \u00e0 partir de ce point, et le risque est transf\u00e9r\u00e9 \u00e0 l&#8217;acheteur lorsque le vendeur organise le transport principal.<\/p>\n<p><strong>&nbsp;<\/strong><\/p>\n<p><strong>Transport et assurance pay\u00e9s <\/strong><strong>jusqu&#8217;\u00e0 \/ Carriage and Insurance Paid to (CIP) <\/strong><\/p>\n<p>Il inclut les responsabilit\u00e9s li\u00e9es au CPT mais, avec le CIP, l&#8217;assurance est \u00e9galement pay\u00e9e par le vendeur jusqu&#8217;au point de destination. Le vendeur souscrit une assurance pour couvrir le risque de l&#8217;acheteur et paie le transporteur principal pour acheminer l&#8217;envoi jusqu&#8217;au point de destination.<\/p>\n<p><strong>Livr\u00e9 au terminal \/ <\/strong><strong>Delivered At Terminal (DAT) <\/strong><\/p>\n<p>Le vendeur laisse \u00e0 l\u2019acheteur la responsabilit\u00e9 des marchandises une fois qu&#8217;elles sont d\u00e9charg\u00e9es au point de destination convenu. Ce qui signifie que le vendeur est responsable de leur d\u00e9chargement final. Le vendeur prend en charge les frais d&#8217;exportation, le transport, l&#8217;assurance et les frais du port de destination.<\/p>\n<p><strong>Rendu au lieu de destination convenu \/ Delivered At Place ( DAP)<\/strong><br \/>\nLe vendeur a la responsabilit\u00e9 de la cargaison jusqu&#8217;\u00e0 ce qu&#8217;elle arrive \u00e0 sa destination finale, et le vendeur est responsable de tous les co\u00fbts, y compris les frais d&#8217;exportation, le transport, l&#8217;assurance et les frais portuaires \u00e0 destination. L&#8217;acheteur s&#8217;occupe des frais d&#8217;importation et du d\u00e9chargement.<\/p>\n<p><strong>&nbsp;<\/strong><\/p>\n<p><strong>Rendu Droits Acquitt\u00e9s \/ Delivered Duty Paid (DDP)<br \/>\n<\/strong>C&#8217;est \u00e0 peu pr\u00e8s l&#8217;inverse de EXW, car c&#8217;est le vendeur qui a le plus de responsabilit\u00e9s. Il est charg\u00e9 de livrer les marchandises dans les locaux de l&#8217;acheteur ou \u00e0 tout autre endroit convenu entre eux. Le vendeur s&#8217;occupe de la cargaison, paie les droits d&#8217;exportation et d&#8217;importation, organise le transport et paie l&#8217;assurance.[\/vc_column_text][\/vc_column][\/vc_row]<\/p>\n<\/section>","protected":false},"excerpt":{"rendered":"<p>[vc_row][vc_column][vc_single_image image=&#8221;2343&#8243; img_size=&#8221;full&#8221; alignment=&#8221;center&#8221;][vc_column_text]\u00c0 l&#8217;usine \/ Exworks ( EXW ) Dans ce cas, le vendeur est le moins responsable de la cargaison et accepte de la livrer dans ses locaux. Une fois que les marchandises sont hors des locaux du vendeur, l&#8217;acheteur est responsable de tous les risques et de toutes les responsabilit\u00e9s. L&#8217;acheteur paie l&#8217;assurance, l&#8217;exportation depuis les locaux&#8230;<\/p>\n","protected":false},"author":1,"featured_media":0,"parent":3002,"menu_order":0,"comment_status":"closed","ping_status":"closed","template":"","meta":{"ngg_post_thumbnail":0,"footnotes":""},"_links":{"self":[{"href":"https:\/\/www.volantislogistics.com\/index.php\/wp-json\/wp\/v2\/pages\/3008"}],"collection":[{"href":"https:\/\/www.volantislogistics.com\/index.php\/wp-json\/wp\/v2\/pages"}],"about":[{"href":"https:\/\/www.volantislogistics.com\/index.php\/wp-json\/wp\/v2\/types\/page"}],"author":[{"embeddable":true,"href":"https:\/\/www.volantislogistics.com\/index.php\/wp-json\/wp\/v2\/users\/1"}],"replies":[{"embeddable":true,"href":"https:\/\/www.volantislogistics.com\/index.php\/wp-json\/wp\/v2\/comments?post=3008"}],"version-history":[{"count":1,"href":"https:\/\/www.volantislogistics.com\/index.php\/wp-json\/wp\/v2\/pages\/3008\/revisions"}],"predecessor-version":[{"id":3009,"href":"https:\/\/www.volantislogistics.com\/index.php\/wp-json\/wp\/v2\/pages\/3008\/revisions\/3009"}],"up":[{"embeddable":true,"href":"https:\/\/www.volantislogistics.com\/index.php\/wp-json\/wp\/v2\/pages\/3002"}],"wp:attachment":[{"href":"https:\/\/www.volantislogistics.com\/index.php\/wp-json\/wp\/v2\/media?parent=3008"}],"curies":[{"name":"wp","href":"https:\/\/api.w.org\/{rel}","templated":true}]}}