{"id":2973,"date":"2021-10-28T10:03:45","date_gmt":"2021-10-28T07:03:45","guid":{"rendered":"https:\/\/www.volantislogistics.com\/?page_id=2973"},"modified":"2021-10-28T10:03:45","modified_gmt":"2021-10-28T07:03:45","slug":"intermodal","status":"publish","type":"page","link":"https:\/\/www.volantislogistics.com\/index.php\/fr\/services\/intermodal\/","title":{"rendered":"Intermodal"},"content":{"rendered":"<section class=\"wpb-content-wrapper\"><p>[vc_row][vc_column]<div class=\"zozo-parallax-header\"><div class=\"parallax-header content-style-default\"><h2 class=\"parallax-title text-left\">Intermodal<\/h2><div class=\"parallax-desc default-style text-left\"><p>Volantis vous propose des services alternatifs pour vos envois complets et partiels. Au cours du processus de transport intermodal, les envois sont transf\u00e9r\u00e9s d&#8217;un v\u00e9hicule de transport \u00e0 un autre, offrant ainsi des solutions logistiques rapides m\u00eame aux adresses qui ne sont pas dans des villes portuaires. Ce mod\u00e8le de transport, dans lequel la route, le rail, l&#8217;air et la mer sont utilis\u00e9s de mani\u00e8re mixte, vise \u00e0 optimiser le temps, le co\u00fbt et le service.<\/p>\n<\/div><\/div><\/div>[\/vc_column][\/vc_row]<\/p>\n<\/section>","protected":false},"excerpt":{"rendered":"<p>[vc_row][vc_column][\/vc_column][\/vc_row]<\/p>\n","protected":false},"author":1,"featured_media":0,"parent":2946,"menu_order":0,"comment_status":"closed","ping_status":"closed","template":"","meta":{"ngg_post_thumbnail":0,"footnotes":""},"_links":{"self":[{"href":"https:\/\/www.volantislogistics.com\/index.php\/wp-json\/wp\/v2\/pages\/2973"}],"collection":[{"href":"https:\/\/www.volantislogistics.com\/index.php\/wp-json\/wp\/v2\/pages"}],"about":[{"href":"https:\/\/www.volantislogistics.com\/index.php\/wp-json\/wp\/v2\/types\/page"}],"author":[{"embeddable":true,"href":"https:\/\/www.volantislogistics.com\/index.php\/wp-json\/wp\/v2\/users\/1"}],"replies":[{"embeddable":true,"href":"https:\/\/www.volantislogistics.com\/index.php\/wp-json\/wp\/v2\/comments?post=2973"}],"version-history":[{"count":1,"href":"https:\/\/www.volantislogistics.com\/index.php\/wp-json\/wp\/v2\/pages\/2973\/revisions"}],"predecessor-version":[{"id":2974,"href":"https:\/\/www.volantislogistics.com\/index.php\/wp-json\/wp\/v2\/pages\/2973\/revisions\/2974"}],"up":[{"embeddable":true,"href":"https:\/\/www.volantislogistics.com\/index.php\/wp-json\/wp\/v2\/pages\/2946"}],"wp:attachment":[{"href":"https:\/\/www.volantislogistics.com\/index.php\/wp-json\/wp\/v2\/media?parent=2973"}],"curies":[{"name":"wp","href":"https:\/\/api.w.org\/{rel}","templated":true}]}}