{"id":2763,"date":"2021-10-13T01:53:25","date_gmt":"2021-10-12T22:53:25","guid":{"rendered":"https:\/\/www.volantislogistics.com\/?page_id=2763"},"modified":"2021-10-13T01:53:25","modified_gmt":"2021-10-12T22:53:25","slug":"envios-transito","status":"publish","type":"page","link":"https:\/\/www.volantislogistics.com\/index.php\/es\/servicios\/envios-transito\/","title":{"rendered":"Env\u00edos Tr\u00e1nsito"},"content":{"rendered":"<section class=\"wpb-content-wrapper\"><p>[vc_row][vc_column]<div class=\"zozo-parallax-header\"><div class=\"parallax-header content-style-default\"><h2 class=\"parallax-title text-left\">ENV\u00cdOS EN TR\u00c1NSITO <\/h2><div class=\"parallax-desc default-style text-left\"><p>Volantis puede organizar tu carga en el territorio de un tercer pa\u00eds sin causar demoras por aduana mientras la carga va en tr\u00e1nsito de un pa\u00eds a otro. Este m\u00e9todo es principalmente usado para cargas de clientes que no pueden transportar directamente a pa\u00edses con embargo o clientes que usan transporte intermodal.<\/p>\n<p>&nbsp;<\/p>\n<p>En Volantis ofrecemos los siguientes servicios de manera efectiva, segura y r\u00e1pida:<\/p>\n<\/div><\/div><\/div>[\/vc_column][\/vc_row][vc_row][vc_column width=&#8221;1\/2&#8243;]<div class=\"zozo-features-list-wrapper vc-features-list\"><div class=\"features-list\"><div class=\"features-list-inner list-text-default\"><div class=\"features-icon\"><i class=\"fas fa-check list-icon\"><\/i><\/div><div class=\"list-desc\"><p>Procedimientos de carga de tr\u00e1nsito<\/p>\n<\/div><\/div><\/div><\/div><div class=\"zozo-features-list-wrapper vc-features-list\"><div class=\"features-list\"><div class=\"features-list-inner list-text-default\"><div class=\"features-icon\"><i class=\"fas fa-check list-icon\"><\/i><\/div><div class=\"list-desc\"><p>Despacho aduanal<\/p>\n<\/div><\/div><\/div><\/div><div class=\"zozo-features-list-wrapper vc-features-list\"><div class=\"features-list\"><div class=\"features-list-inner list-text-default\"><div class=\"features-icon\"><i class=\"fas fa-check list-icon\"><\/i><\/div><div class=\"list-desc\"><p>Si es necesario, tambi\u00e9n las operaciones de carga y descarga del contenedor<\/p>\n<\/div><\/div><\/div><\/div>[\/vc_column][vc_column width=&#8221;1\/2&#8243;]<div class=\"zozo-features-list-wrapper vc-features-list\"><div class=\"features-list\"><div class=\"features-list-inner list-text-default\"><div class=\"features-icon\"><i class=\"fas fa-check list-icon\"><\/i><\/div><div class=\"list-desc\"><p>Operaciones de transporte de la aduana de importaci\u00f3n al \u00e1rea de la aduana de exportaci\u00f3n<\/p>\n<\/div><\/div><\/div><\/div><div class=\"zozo-features-list-wrapper vc-features-list\"><div class=\"features-list\"><div class=\"features-list-inner list-text-default\"><div class=\"features-icon\"><i class=\"fas fa-check list-icon\"><\/i><\/div><div class=\"list-desc\"><p>Reservaci\u00f3n y servicios operativos<\/p>\n<\/div><\/div><\/div><\/div>[\/vc_column][\/vc_row]<\/p>\n<\/section>","protected":false},"excerpt":{"rendered":"<p>[vc_row][vc_column][\/vc_column][\/vc_row][vc_row][vc_column width=&#8221;1\/2&#8243;][\/vc_column][vc_column width=&#8221;1\/2&#8243;][\/vc_column][\/vc_row]<\/p>\n","protected":false},"author":1,"featured_media":0,"parent":2730,"menu_order":0,"comment_status":"closed","ping_status":"closed","template":"","meta":{"ngg_post_thumbnail":0,"footnotes":""},"_links":{"self":[{"href":"https:\/\/www.volantislogistics.com\/index.php\/wp-json\/wp\/v2\/pages\/2763"}],"collection":[{"href":"https:\/\/www.volantislogistics.com\/index.php\/wp-json\/wp\/v2\/pages"}],"about":[{"href":"https:\/\/www.volantislogistics.com\/index.php\/wp-json\/wp\/v2\/types\/page"}],"author":[{"embeddable":true,"href":"https:\/\/www.volantislogistics.com\/index.php\/wp-json\/wp\/v2\/users\/1"}],"replies":[{"embeddable":true,"href":"https:\/\/www.volantislogistics.com\/index.php\/wp-json\/wp\/v2\/comments?post=2763"}],"version-history":[{"count":1,"href":"https:\/\/www.volantislogistics.com\/index.php\/wp-json\/wp\/v2\/pages\/2763\/revisions"}],"predecessor-version":[{"id":2764,"href":"https:\/\/www.volantislogistics.com\/index.php\/wp-json\/wp\/v2\/pages\/2763\/revisions\/2764"}],"up":[{"embeddable":true,"href":"https:\/\/www.volantislogistics.com\/index.php\/wp-json\/wp\/v2\/pages\/2730"}],"wp:attachment":[{"href":"https:\/\/www.volantislogistics.com\/index.php\/wp-json\/wp\/v2\/media?parent=2763"}],"curies":[{"name":"wp","href":"https:\/\/api.w.org\/{rel}","templated":true}]}}