{"id":2757,"date":"2021-10-13T01:38:47","date_gmt":"2021-10-12T22:38:47","guid":{"rendered":"https:\/\/www.volantislogistics.com\/?page_id=2757"},"modified":"2021-10-13T01:38:47","modified_gmt":"2021-10-12T22:38:47","slug":"intermodal","status":"publish","type":"page","link":"https:\/\/www.volantislogistics.com\/index.php\/es\/servicios\/intermodal\/","title":{"rendered":"Intermodal"},"content":{"rendered":"<section class=\"wpb-content-wrapper\"><p>[vc_row][vc_column]<div class=\"zozo-parallax-header\"><div class=\"parallax-header content-style-default\"><h2 class=\"parallax-title text-left\">Intermodal<\/h2><div class=\"parallax-desc default-style text-left\"><p>Volantis te ofrece servicios alternativos para tus transportes parciales o completos. Durante el proceso de transporte intermodal, la carga es transferida de un tipo de veh\u00edculo de transporte a otro, proporcionando soluciones log\u00edsticas r\u00e1pidas incluso a domicilios que nos son ciudades puerto. Buscamos realizarlos en un tiempo \u00f3ptimo, a un costo m\u00ednimo y ofreciendo un servicio superior, en donde las v\u00edas del tren, la carretera, las v\u00edas a\u00e9reas y mar\u00edtimas se usan de manera mixta.<\/p>\n<\/div><\/div><\/div>[\/vc_column][\/vc_row]<\/p>\n<\/section>","protected":false},"excerpt":{"rendered":"<p>[vc_row][vc_column][\/vc_column][\/vc_row]<\/p>\n","protected":false},"author":1,"featured_media":0,"parent":2730,"menu_order":0,"comment_status":"closed","ping_status":"closed","template":"","meta":{"ngg_post_thumbnail":0,"footnotes":""},"_links":{"self":[{"href":"https:\/\/www.volantislogistics.com\/index.php\/wp-json\/wp\/v2\/pages\/2757"}],"collection":[{"href":"https:\/\/www.volantislogistics.com\/index.php\/wp-json\/wp\/v2\/pages"}],"about":[{"href":"https:\/\/www.volantislogistics.com\/index.php\/wp-json\/wp\/v2\/types\/page"}],"author":[{"embeddable":true,"href":"https:\/\/www.volantislogistics.com\/index.php\/wp-json\/wp\/v2\/users\/1"}],"replies":[{"embeddable":true,"href":"https:\/\/www.volantislogistics.com\/index.php\/wp-json\/wp\/v2\/comments?post=2757"}],"version-history":[{"count":1,"href":"https:\/\/www.volantislogistics.com\/index.php\/wp-json\/wp\/v2\/pages\/2757\/revisions"}],"predecessor-version":[{"id":2758,"href":"https:\/\/www.volantislogistics.com\/index.php\/wp-json\/wp\/v2\/pages\/2757\/revisions\/2758"}],"up":[{"embeddable":true,"href":"https:\/\/www.volantislogistics.com\/index.php\/wp-json\/wp\/v2\/pages\/2730"}],"wp:attachment":[{"href":"https:\/\/www.volantislogistics.com\/index.php\/wp-json\/wp\/v2\/media?parent=2757"}],"curies":[{"name":"wp","href":"https:\/\/api.w.org\/{rel}","templated":true}]}}