{"id":2752,"date":"2021-10-13T01:31:17","date_gmt":"2021-10-12T22:31:17","guid":{"rendered":"https:\/\/www.volantislogistics.com\/?page_id=2752"},"modified":"2024-10-18T12:22:41","modified_gmt":"2024-10-18T09:22:41","slug":"transporte-terrestre","status":"publish","type":"page","link":"https:\/\/www.volantislogistics.com\/index.php\/es\/transporte-terrestre\/","title":{"rendered":"Transporte Terrestre"},"content":{"rendered":"<section class=\"wpb-content-wrapper\"><p>[vc_row][vc_column]<div class=\"zozo-parallax-header\"><div class=\"parallax-header content-style-default\"><h2 class=\"parallax-title text-left\">TRANSPORTE TERRESTRE<\/h2><div class=\"parallax-desc default-style text-left\"><p>Volantis ofrece todo tipo de veh\u00edculos de suministro para transportes a Medio Oriente, Europa, dentro de la rep\u00fablica de Turqu\u00eda y provee soluciones para tus transportes parciales o de camino completo.<\/p>\n<p>&nbsp;<\/p>\n<p>Ofrecemos los siguientes servicios de transporte terrestre, con tarifas efectivas, flujo de informaci\u00f3n simult\u00e1nea y entrega de documentaci\u00f3n r\u00e1pida.<\/p>\n<\/div><\/div><\/div>[\/vc_column][\/vc_row][vc_row][vc_column width=&#8221;1\/2&#8243;]<div class=\"zozo-features-list-wrapper vc-features-list\"><div class=\"features-list\"><div class=\"features-list-inner list-text-default\"><div class=\"features-icon\"><i class=\"fas fa-check list-icon\"><\/i><\/div><div class=\"list-desc\"><p>FTL (camiones con carga completa)<\/p>\n<\/div><\/div><\/div><\/div><div class=\"zozo-features-list-wrapper vc-features-list\"><div class=\"features-list\"><div class=\"features-list-inner list-text-default\"><div class=\"features-icon\"><i class=\"fas fa-check list-icon\"><\/i><\/div><div class=\"list-desc\"><p>LTL (camiones con carga parcial)<\/p>\n<\/div><\/div><\/div><\/div><div class=\"zozo-features-list-wrapper vc-features-list\"><div class=\"features-list\"><div class=\"features-list-inner list-text-default\"><div class=\"features-icon\"><i class=\"fas fa-check list-icon\"><\/i><\/div><div class=\"list-desc\"><p>Carga refrigerada<\/p>\n<\/div><\/div><\/div><\/div><div class=\"zozo-features-list-wrapper vc-features-list\"><div class=\"features-list\"><div class=\"features-list-inner list-text-default\"><div class=\"features-icon\"><i class=\"fas fa-check list-icon\"><\/i><\/div><div class=\"list-desc\"><p>Entregas puerta a puerta<\/p>\n<\/div><\/div><\/div><\/div>[\/vc_column][vc_column width=&#8221;1\/2&#8243;]<div class=\"zozo-features-list-wrapper vc-features-list\"><div class=\"features-list\"><div class=\"features-list-inner list-text-default\"><div class=\"features-icon\"><i class=\"fas fa-check list-icon\"><\/i><\/div><div class=\"list-desc\"><p>Transporte por proyecto<\/p>\n<\/div><\/div><\/div><\/div><div class=\"zozo-features-list-wrapper vc-features-list\"><div class=\"features-list\"><div class=\"features-list-inner list-text-default\"><div class=\"features-icon\"><i class=\"fas fa-check list-icon\"><\/i><\/div><div class=\"list-desc\"><p>cama baja y otros veh\u00edculos especiales<\/p>\n<\/div><\/div><\/div><\/div>[\/vc_column][\/vc_row]<\/p>\n<\/section>","protected":false},"excerpt":{"rendered":"<p>[vc_row][vc_column][\/vc_column][\/vc_row][vc_row][vc_column width=&#8221;1\/2&#8243;][\/vc_column][vc_column width=&#8221;1\/2&#8243;][\/vc_column][\/vc_row]<\/p>\n","protected":false},"author":1,"featured_media":0,"parent":0,"menu_order":0,"comment_status":"closed","ping_status":"closed","template":"","meta":{"ngg_post_thumbnail":0,"footnotes":""},"_links":{"self":[{"href":"https:\/\/www.volantislogistics.com\/index.php\/wp-json\/wp\/v2\/pages\/2752"}],"collection":[{"href":"https:\/\/www.volantislogistics.com\/index.php\/wp-json\/wp\/v2\/pages"}],"about":[{"href":"https:\/\/www.volantislogistics.com\/index.php\/wp-json\/wp\/v2\/types\/page"}],"author":[{"embeddable":true,"href":"https:\/\/www.volantislogistics.com\/index.php\/wp-json\/wp\/v2\/users\/1"}],"replies":[{"embeddable":true,"href":"https:\/\/www.volantislogistics.com\/index.php\/wp-json\/wp\/v2\/comments?post=2752"}],"version-history":[{"count":2,"href":"https:\/\/www.volantislogistics.com\/index.php\/wp-json\/wp\/v2\/pages\/2752\/revisions"}],"predecessor-version":[{"id":3259,"href":"https:\/\/www.volantislogistics.com\/index.php\/wp-json\/wp\/v2\/pages\/2752\/revisions\/3259"}],"wp:attachment":[{"href":"https:\/\/www.volantislogistics.com\/index.php\/wp-json\/wp\/v2\/media?parent=2752"}],"curies":[{"name":"wp","href":"https:\/\/api.w.org\/{rel}","templated":true}]}}