{"id":2694,"date":"2021-10-12T10:59:05","date_gmt":"2021-10-12T07:59:05","guid":{"rendered":"https:\/\/www.volantislogistics.com\/?page_id=2694"},"modified":"2021-12-22T17:33:17","modified_gmt":"2021-12-22T14:33:17","slug":"nuestro-equipo","status":"publish","type":"page","link":"https:\/\/www.volantislogistics.com\/index.php\/es\/nuestro-equipo\/","title":{"rendered":"Nuestro Equipo"},"content":{"rendered":"<section class=\"wpb-content-wrapper\"><p>[vc_row][vc_column]<div class=\"zozo-parallax-header\"><div class=\"parallax-header content-style-default\"><h2 class=\"parallax-title text-left\">NUESTRO EQUIPO<\/h2><\/div><\/div><div class=\"zozo-team-grid-wrapper team-box_type team-columns-4\"><div class=\"row team-grid-inner\"><div class=\"team-item col-md-3 col-sm-6 col-xs-12 text-center wpb_animate_when_almost_visible wpb_top-to-bottom\"><div class=\"team-item-inner\"><div class=\"team-item-img\"><img loading=\"lazy\" decoding=\"async\" src=\"https:\/\/www.volantislogistics.com\/wp-content\/uploads\/2021\/06\/Tarik-500x500.jpg\" width=\"500\" height=\"500\" alt=\"Tar\u0131k \u00d6zcan\/ES\" class=\"img-responsive\" \/><\/div><div class=\"team-content\"><p><span class=\"team-member-designation\">Director General<\/span><\/p><h5 class=\"team-member-name\"><a href=\"https:\/\/www.volantislogistics.com\/index.php\/es\/team\/tarik-ozcan-es\/\" title=\"Tar\u0131k \u00d6zcan\/ES\">Tarik Ozcan<\/a><\/h5><\/div><\/div><!--Team Inner Div End--><\/div><!--Column End--><div class=\"team-item col-md-3 col-sm-6 col-xs-12 text-center wpb_animate_when_almost_visible wpb_top-to-bottom\"><div class=\"team-item-inner\"><div class=\"team-item-img\"><img loading=\"lazy\" decoding=\"async\" src=\"https:\/\/www.volantislogistics.com\/wp-content\/uploads\/2021\/06\/SERKAN-SANLI-500x500.jpg\" width=\"500\" height=\"500\" alt=\"Serkan Sanl\u0131\/ES\" class=\"img-responsive\" \/><\/div><div class=\"team-content\"><p><span class=\"team-member-designation\">Director de Tr\u00e1fico<\/span><\/p><h5 class=\"team-member-name\"><a href=\"https:\/\/www.volantislogistics.com\/index.php\/es\/team\/serkan-sanli-es\/\" title=\"Serkan Sanl\u0131\/ES\">Serkan SANLI<\/a><\/h5><\/div><\/div><!--Team Inner Div End--><\/div><!--Column End--><div class=\"team-item col-md-3 col-sm-6 col-xs-12 text-center wpb_animate_when_almost_visible wpb_top-to-bottom\"><div class=\"team-item-inner\"><div class=\"team-item-img\"><img loading=\"lazy\" decoding=\"async\" src=\"https:\/\/www.volantislogistics.com\/wp-content\/uploads\/2021\/10\/b19940-500x500.jpg\" width=\"500\" height=\"500\" alt=\"Onur Y\u00fccel\/ES\" class=\"img-responsive\" \/><\/div><div class=\"team-content\"><p><span class=\"team-member-designation\">Gerente de Ventas en el Extranjero<\/span><\/p><h5 class=\"team-member-name\"><a href=\"https:\/\/www.volantislogistics.com\/index.php\/es\/team\/orkun-bayar-es\/\" title=\"Onur Y\u00fccel\/ES\">Onur Y\u00fccel<\/a><\/h5><\/div><\/div><!--Team Inner Div End--><\/div><!--Column End--><div class=\"team-item col-md-3 col-sm-6 col-xs-12 text-center wpb_animate_when_almost_visible wpb_top-to-bottom\"><div class=\"team-item-inner\"><div class=\"team-item-img\"><img loading=\"lazy\" decoding=\"async\" src=\"https:\/\/www.volantislogistics.com\/wp-content\/uploads\/2021\/10\/merve-fotograf-1-500x500.jpg\" width=\"500\" height=\"500\" alt=\"Merve \u00d6zkan R\u00fczgar\/ES\" class=\"img-responsive\" \/><\/div><div class=\"team-content\"><p><span class=\"team-member-designation\">Gerente de Operaciones de Transporte Mar\u00edtimo<\/span><\/p><h5 class=\"team-member-name\"><a href=\"https:\/\/www.volantislogistics.com\/index.php\/es\/team\/hakan-kukey-es\/\" title=\"Merve \u00d6zkan R\u00fczgar\/ES\">Merve Ozkan Ruzgar<\/a><\/h5><\/div><\/div><!--Team Inner Div End--><\/div><!--Column End--><div class=\"team-clearfix clearfix\"><\/div><div class=\"team-item col-md-3 col-sm-6 col-xs-12 text-center wpb_animate_when_almost_visible wpb_top-to-bottom\"><div class=\"team-item-inner\"><div class=\"team-item-img\"><img loading=\"lazy\" decoding=\"async\" src=\"https:\/\/www.volantislogistics.com\/wp-content\/uploads\/2021\/06\/BUGRA-GUNDOGDU-500x500.jpg\" width=\"500\" height=\"500\" alt=\"Bu\u011fracan G\u00fcndo\u011fdu\/ES\" class=\"img-responsive\" \/><\/div><div class=\"team-content\"><p><span class=\"team-member-designation\">Gerente de Oficina en Italia<\/span><\/p><h5 class=\"team-member-name\"><a href=\"https:\/\/www.volantislogistics.com\/index.php\/es\/team\/2697\/\" title=\"Bu\u011fracan G\u00fcndo\u011fdu\/ES\">Bugracan Gundogdu<\/a><\/h5><\/div><\/div><!--Team Inner Div End--><\/div><!--Column End--><div class=\"team-item col-md-3 col-sm-6 col-xs-12 text-center wpb_animate_when_almost_visible wpb_top-to-bottom\"><div class=\"team-item-inner\"><div class=\"team-item-img\"><img loading=\"lazy\" decoding=\"async\" src=\"https:\/\/www.volantislogistics.com\/wp-content\/uploads\/2021\/06\/OZGE-OZCAN-500x500.jpg\" width=\"500\" height=\"500\" alt=\"\u00d6zge Ustaba\u015f\/ES\" class=\"img-responsive\" \/><\/div><div class=\"team-content\"><p><span class=\"team-member-designation\">Gerente de Recursos Humanos<\/span><\/p><h5 class=\"team-member-name\"><a href=\"https:\/\/www.volantislogistics.com\/index.php\/es\/team\/2696\/\" title=\"\u00d6zge Ustaba\u015f\/ES\">Ozge Ustabas<\/a><\/h5><\/div><\/div><!--Team Inner Div End--><\/div><!--Column End--><\/div><\/div>[\/vc_column][\/vc_row]<\/p>\n<\/section>","protected":false},"excerpt":{"rendered":"<p>[vc_row][vc_column][\/vc_column][\/vc_row]<\/p>\n","protected":false},"author":1,"featured_media":0,"parent":0,"menu_order":0,"comment_status":"closed","ping_status":"closed","template":"","meta":{"ngg_post_thumbnail":0,"footnotes":""},"_links":{"self":[{"href":"https:\/\/www.volantislogistics.com\/index.php\/wp-json\/wp\/v2\/pages\/2694"}],"collection":[{"href":"https:\/\/www.volantislogistics.com\/index.php\/wp-json\/wp\/v2\/pages"}],"about":[{"href":"https:\/\/www.volantislogistics.com\/index.php\/wp-json\/wp\/v2\/types\/page"}],"author":[{"embeddable":true,"href":"https:\/\/www.volantislogistics.com\/index.php\/wp-json\/wp\/v2\/users\/1"}],"replies":[{"embeddable":true,"href":"https:\/\/www.volantislogistics.com\/index.php\/wp-json\/wp\/v2\/comments?post=2694"}],"version-history":[{"count":3,"href":"https:\/\/www.volantislogistics.com\/index.php\/wp-json\/wp\/v2\/pages\/2694\/revisions"}],"predecessor-version":[{"id":3037,"href":"https:\/\/www.volantislogistics.com\/index.php\/wp-json\/wp\/v2\/pages\/2694\/revisions\/3037"}],"wp:attachment":[{"href":"https:\/\/www.volantislogistics.com\/index.php\/wp-json\/wp\/v2\/media?parent=2694"}],"curies":[{"name":"wp","href":"https:\/\/api.w.org\/{rel}","templated":true}]}}