{"id":2692,"date":"2021-10-12T10:56:35","date_gmt":"2021-10-12T07:56:35","guid":{"rendered":"https:\/\/www.volantislogistics.com\/?page_id=2692"},"modified":"2021-10-12T10:56:35","modified_gmt":"2021-10-12T07:56:35","slug":"vision-mision","status":"publish","type":"page","link":"https:\/\/www.volantislogistics.com\/index.php\/es\/vision-mision\/","title":{"rendered":"Visi\u00f3n-Misi\u00f3n"},"content":{"rendered":"<section class=\"wpb-content-wrapper\"><p>[vc_row][vc_column]<div class=\"zozo-parallax-header\"><div class=\"parallax-header content-style-default\"><h2 class=\"parallax-title text-left\">VISI\u00d3N<\/h2><div class=\"parallax-desc default-style text-left\"><p>Aprovechar la integraci\u00f3n de servicios y automatizaci\u00f3n que tenemos para seguir proporcionando un servicio r\u00e1pido y de alta calidad a nuestros clientes. Ofrecer una gran variedad de productos y una efectiva red de transporte. Ser un referente en los servicios de Log\u00edstica y continuar con un crecimiento constante. Adem\u00e1s, buscamos ser una instituci\u00f3n de la que nuestros empleados est\u00e9n orgullosos de formar parte, poniendo como nuestra prioridad la responsabilidad social y del medio ambiente.<\/p>\n<\/div><\/div><\/div>[\/vc_column][\/vc_row][vc_row][vc_column]<div class=\"zozo-parallax-header\"><div class=\"parallax-header content-style-default\"><h2 class=\"parallax-title text-left\">MISI\u00d3N<\/h2><div class=\"parallax-desc default-style text-left\"><p>Nuestro prop\u00f3sito es ser una de las principales compa\u00f1\u00edas de Log\u00edstica orientada a proporcionar soluciones cultivando el pensamiento y esp\u00edritu innovador en todo nuestro trabajo y con la ayuda de la tecnolog\u00eda y la innovaci\u00f3n.<\/p>\n<\/div><\/div><\/div>[\/vc_column][\/vc_row]<\/p>\n<\/section>","protected":false},"excerpt":{"rendered":"<p>[vc_row][vc_column][\/vc_column][\/vc_row][vc_row][vc_column][\/vc_column][\/vc_row]<\/p>\n","protected":false},"author":1,"featured_media":0,"parent":0,"menu_order":0,"comment_status":"closed","ping_status":"closed","template":"","meta":{"ngg_post_thumbnail":0,"footnotes":""},"_links":{"self":[{"href":"https:\/\/www.volantislogistics.com\/index.php\/wp-json\/wp\/v2\/pages\/2692"}],"collection":[{"href":"https:\/\/www.volantislogistics.com\/index.php\/wp-json\/wp\/v2\/pages"}],"about":[{"href":"https:\/\/www.volantislogistics.com\/index.php\/wp-json\/wp\/v2\/types\/page"}],"author":[{"embeddable":true,"href":"https:\/\/www.volantislogistics.com\/index.php\/wp-json\/wp\/v2\/users\/1"}],"replies":[{"embeddable":true,"href":"https:\/\/www.volantislogistics.com\/index.php\/wp-json\/wp\/v2\/comments?post=2692"}],"version-history":[{"count":1,"href":"https:\/\/www.volantislogistics.com\/index.php\/wp-json\/wp\/v2\/pages\/2692\/revisions"}],"predecessor-version":[{"id":2693,"href":"https:\/\/www.volantislogistics.com\/index.php\/wp-json\/wp\/v2\/pages\/2692\/revisions\/2693"}],"wp:attachment":[{"href":"https:\/\/www.volantislogistics.com\/index.php\/wp-json\/wp\/v2\/media?parent=2692"}],"curies":[{"name":"wp","href":"https:\/\/api.w.org\/{rel}","templated":true}]}}