{"id":2690,"date":"2021-10-12T10:53:43","date_gmt":"2021-10-12T07:53:43","guid":{"rendered":"https:\/\/www.volantislogistics.com\/?page_id=2690"},"modified":"2021-10-12T11:24:35","modified_gmt":"2021-10-12T08:24:35","slug":"sobre-nosotros","status":"publish","type":"page","link":"https:\/\/www.volantislogistics.com\/index.php\/es\/sobre-nosotros\/","title":{"rendered":"Sobre Nosotros"},"content":{"rendered":"<section class=\"wpb-content-wrapper\"><p>[vc_row][vc_column]<div class=\"zozo-parallax-header\"><div class=\"parallax-header content-style-default\"><h2 class=\"parallax-title text-left\">SOBRE NOSOTROS <\/h2><div class=\"parallax-desc default-style text-left\"><p>Volantis Logistics fue establecido en Estambul en 2015 con un software de log\u00edstica \u00fanico, una red de comunicaci\u00f3n efectiva y con un equipo profesional y orientado a proporcionar soluciones con el prop\u00f3sito de ofrecer altos est\u00e1ndares de calidad para sus clientes.<\/p>\n<p>Desde su fundaci\u00f3n, ha logrado transformar las necesidades de sus clientes en soluciones gracias al trabajo conjunto de sus \u00e1reas de Operaciones, Marketing y Finanzas que operan a trav\u00e9s de un software \u00fanico. Tambi\u00e9n ha generado una presencia en l\u00ednea efectiva y ha fortalecido sus conexiones internacionales formando parte de networks y comunidades globales y fuertes. Abri\u00f3 una oficina en Esmirna con el prop\u00f3sito de proveer respuestas r\u00e1pidas a lo que sus clientes de la regi\u00f3n del Egeo necesitan. Y ha ofrecido un servicio superior a una escala de costos reducidos en el transporte a\u00e9reo y ahora tambi\u00e9n es miembro de IATA (International Air Transportation Association).<\/p>\n<p>Volantis Logistics contin\u00faa con proyectos R&amp;D e inversiones, que son evaluadas dentro de un marco de pol\u00edticas de educaci\u00f3n \u2013 desarrollo y como resultado, se ha convertido en una compa\u00f1\u00eda de log\u00edstica l\u00edder en \u00c1frica, Asia, Europa y Am\u00e9rica; y ha probado su \u00e9xito con premios que las global networks le han otorgado.<\/p>\n<\/div><\/div><\/div>[\/vc_column][\/vc_row]<\/p>\n<\/section>","protected":false},"excerpt":{"rendered":"<p>[vc_row][vc_column][\/vc_column][\/vc_row]<\/p>\n","protected":false},"author":1,"featured_media":0,"parent":0,"menu_order":0,"comment_status":"closed","ping_status":"closed","template":"","meta":{"ngg_post_thumbnail":0,"footnotes":""},"_links":{"self":[{"href":"https:\/\/www.volantislogistics.com\/index.php\/wp-json\/wp\/v2\/pages\/2690"}],"collection":[{"href":"https:\/\/www.volantislogistics.com\/index.php\/wp-json\/wp\/v2\/pages"}],"about":[{"href":"https:\/\/www.volantislogistics.com\/index.php\/wp-json\/wp\/v2\/types\/page"}],"author":[{"embeddable":true,"href":"https:\/\/www.volantislogistics.com\/index.php\/wp-json\/wp\/v2\/users\/1"}],"replies":[{"embeddable":true,"href":"https:\/\/www.volantislogistics.com\/index.php\/wp-json\/wp\/v2\/comments?post=2690"}],"version-history":[{"count":2,"href":"https:\/\/www.volantislogistics.com\/index.php\/wp-json\/wp\/v2\/pages\/2690\/revisions"}],"predecessor-version":[{"id":2710,"href":"https:\/\/www.volantislogistics.com\/index.php\/wp-json\/wp\/v2\/pages\/2690\/revisions\/2710"}],"wp:attachment":[{"href":"https:\/\/www.volantislogistics.com\/index.php\/wp-json\/wp\/v2\/media?parent=2690"}],"curies":[{"name":"wp","href":"https:\/\/api.w.org\/{rel}","templated":true}]}}