{"id":2529,"date":"2021-08-16T17:46:28","date_gmt":"2021-08-16T14:46:28","guid":{"rendered":"https:\/\/www.volantislogistics.com\/?page_id=2529"},"modified":"2021-08-16T17:53:21","modified_gmt":"2021-08-16T14:53:21","slug":"our-team","status":"publish","type":"page","link":"https:\/\/www.volantislogistics.com\/index.php\/en\/corporate\/our-team\/","title":{"rendered":"Our Team"},"content":{"rendered":"<section class=\"wpb-content-wrapper\"><p>[vc_row][vc_column]<div class=\"zozo-parallax-header\"><div class=\"parallax-header content-style-default\"><h2 class=\"parallax-title text-left\">Our Team<\/h2><\/div><\/div><div class=\"zozo-team-grid-wrapper team-box_type team-columns-4\"><div class=\"row team-grid-inner\"><div class=\"team-item col-md-3 col-sm-6 col-xs-12 text-center wpb_animate_when_almost_visible wpb_top-to-bottom\"><div class=\"team-item-inner\"><div class=\"team-item-img\"><img loading=\"lazy\" decoding=\"async\" src=\"https:\/\/www.volantislogistics.com\/wp-content\/uploads\/2021\/06\/OZGE-OZCAN-500x500.jpg\" width=\"500\" height=\"500\" alt=\"\u00d6zge Ustaba\u015f\/EN\" class=\"img-responsive\" \/><\/div><div class=\"team-content\"><p><span class=\"team-member-designation\">Human Resources Manager<\/span><\/p><h5 class=\"team-member-name\"><a href=\"https:\/\/www.volantislogistics.com\/index.php\/en\/team\/ozge-ustabas-2\/\" title=\"\u00d6zge Ustaba\u015f\/EN\">Ozge Ustabas<\/a><\/h5><\/div><\/div><!--Team Inner Div End--><\/div><!--Column End--><div class=\"team-item col-md-3 col-sm-6 col-xs-12 text-center wpb_animate_when_almost_visible wpb_top-to-bottom\"><div class=\"team-item-inner\"><div class=\"team-item-img\"><img loading=\"lazy\" decoding=\"async\" src=\"https:\/\/www.volantislogistics.com\/wp-content\/uploads\/2021\/08\/b19940-500x500.jpg\" width=\"500\" height=\"500\" alt=\"Onur Y\u00fccel\/EN\" class=\"img-responsive\" \/><\/div><div class=\"team-content\"><p><span class=\"team-member-designation\">Overseas Sales Manager<\/span><\/p><h5 class=\"team-member-name\"><a href=\"https:\/\/www.volantislogistics.com\/index.php\/en\/team\/orkun-bayar-2\/\" title=\"Onur Y\u00fccel\/EN\">Onur Y\u00fccel<\/a><\/h5><\/div><\/div><!--Team Inner Div End--><\/div><!--Column End--><div class=\"team-item col-md-3 col-sm-6 col-xs-12 text-center wpb_animate_when_almost_visible wpb_top-to-bottom\"><div class=\"team-item-inner\"><div class=\"team-item-img\"><img loading=\"lazy\" decoding=\"async\" src=\"https:\/\/www.volantislogistics.com\/wp-content\/uploads\/2021\/08\/merve-fotograf-500x500.jpg\" width=\"500\" height=\"500\" alt=\"Merve \u00d6zkan R\u00fczgar\/EN\" class=\"img-responsive\" \/><\/div><div class=\"team-content\"><p><span class=\"team-member-designation\">Seafreight Operation Manager<\/span><\/p><h5 class=\"team-member-name\"><a href=\"https:\/\/www.volantislogistics.com\/index.php\/en\/team\/hakan-kukey-2\/\" title=\"Merve \u00d6zkan R\u00fczgar\/EN\">Merve Ozkan Ruzgar<\/a><\/h5><\/div><\/div><!--Team Inner Div End--><\/div><!--Column End--><div class=\"team-item col-md-3 col-sm-6 col-xs-12 text-center wpb_animate_when_almost_visible wpb_top-to-bottom\"><div class=\"team-item-inner\"><div class=\"team-item-img\"><img loading=\"lazy\" decoding=\"async\" src=\"https:\/\/www.volantislogistics.com\/wp-content\/uploads\/2021\/06\/BUGRA-GUNDOGDU-500x500.jpg\" width=\"500\" height=\"500\" alt=\"Bu\u011fracan G\u00fcndo\u011fdu\/EN\" class=\"img-responsive\" \/><\/div><div class=\"team-content\"><p><span class=\"team-member-designation\">Italy  Office Manager<\/span><\/p><h5 class=\"team-member-name\"><a href=\"https:\/\/www.volantislogistics.com\/index.php\/en\/team\/bugracan-gundogdu-2\/\" title=\"Bu\u011fracan G\u00fcndo\u011fdu\/EN\">Bu\u011fracan Gundogdu<\/a><\/h5><\/div><\/div><!--Team Inner Div End--><\/div><!--Column End--><div class=\"team-clearfix clearfix\"><\/div><div class=\"team-item col-md-3 col-sm-6 col-xs-12 text-center wpb_animate_when_almost_visible wpb_top-to-bottom\"><div class=\"team-item-inner\"><div class=\"team-item-img\"><img loading=\"lazy\" decoding=\"async\" src=\"https:\/\/www.volantislogistics.com\/wp-content\/uploads\/2021\/06\/SERKAN-SANLI-500x500.jpg\" width=\"500\" height=\"500\" alt=\"Serkan Sanl\u0131\/EN\" class=\"img-responsive\" \/><\/div><div class=\"team-content\"><p><span class=\"team-member-designation\">Traffic Manager<\/span><\/p><h5 class=\"team-member-name\"><a href=\"https:\/\/www.volantislogistics.com\/index.php\/en\/team\/serkan-sanli-2\/\" title=\"Serkan Sanl\u0131\/EN\">Serkan Sanli<\/a><\/h5><\/div><\/div><!--Team Inner Div End--><\/div><!--Column End--><div class=\"team-item col-md-3 col-sm-6 col-xs-12 text-center wpb_animate_when_almost_visible wpb_top-to-bottom\"><div class=\"team-item-inner\"><div class=\"team-item-img\"><img loading=\"lazy\" decoding=\"async\" src=\"https:\/\/www.volantislogistics.com\/wp-content\/uploads\/2021\/06\/Tarik-500x500.jpg\" width=\"500\" height=\"500\" alt=\"Tar\u0131k \u00d6zcan\/EN\" class=\"img-responsive\" \/><\/div><div class=\"team-content\"><p><span class=\"team-member-designation\">General Manager<\/span><\/p><h5 class=\"team-member-name\"><a href=\"https:\/\/www.volantislogistics.com\/index.php\/en\/team\/tarik-ozcan-2\/\" title=\"Tar\u0131k \u00d6zcan\/EN\">Tarik Ozcan<\/a><\/h5><\/div><\/div><!--Team Inner Div End--><\/div><!--Column End--><\/div><\/div>[\/vc_column][\/vc_row]<\/p>\n<\/section>","protected":false},"excerpt":{"rendered":"<p>[vc_row][vc_column][\/vc_column][\/vc_row]<\/p>\n","protected":false},"author":1,"featured_media":0,"parent":2526,"menu_order":0,"comment_status":"closed","ping_status":"closed","template":"","meta":{"ngg_post_thumbnail":0,"footnotes":""},"_links":{"self":[{"href":"https:\/\/www.volantislogistics.com\/index.php\/wp-json\/wp\/v2\/pages\/2529"}],"collection":[{"href":"https:\/\/www.volantislogistics.com\/index.php\/wp-json\/wp\/v2\/pages"}],"about":[{"href":"https:\/\/www.volantislogistics.com\/index.php\/wp-json\/wp\/v2\/types\/page"}],"author":[{"embeddable":true,"href":"https:\/\/www.volantislogistics.com\/index.php\/wp-json\/wp\/v2\/users\/1"}],"replies":[{"embeddable":true,"href":"https:\/\/www.volantislogistics.com\/index.php\/wp-json\/wp\/v2\/comments?post=2529"}],"version-history":[{"count":2,"href":"https:\/\/www.volantislogistics.com\/index.php\/wp-json\/wp\/v2\/pages\/2529\/revisions"}],"predecessor-version":[{"id":2577,"href":"https:\/\/www.volantislogistics.com\/index.php\/wp-json\/wp\/v2\/pages\/2529\/revisions\/2577"}],"up":[{"embeddable":true,"href":"https:\/\/www.volantislogistics.com\/index.php\/wp-json\/wp\/v2\/pages\/2526"}],"wp:attachment":[{"href":"https:\/\/www.volantislogistics.com\/index.php\/wp-json\/wp\/v2\/media?parent=2529"}],"curies":[{"name":"wp","href":"https:\/\/api.w.org\/{rel}","templated":true}]}}