{"id":2307,"date":"2021-06-07T17:38:39","date_gmt":"2021-06-07T14:38:39","guid":{"rendered":"https:\/\/www.volantislogistics.com\/?page_id=2307"},"modified":"2021-06-07T17:38:39","modified_gmt":"2021-06-07T14:38:39","slug":"gumrukleme","status":"publish","type":"page","link":"https:\/\/www.volantislogistics.com\/index.php\/hizmetler\/gumrukleme\/","title":{"rendered":"G\u00fcmr\u00fckleme"},"content":{"rendered":"<section class=\"wpb-content-wrapper\"><p>[vc_row][vc_column]<div class=\"zozo-parallax-header\"><div class=\"parallax-header content-style-default\"><h2 class=\"parallax-title text-left\">G\u00fcmr\u00fckleme<\/h2><div class=\"parallax-desc default-style text-left\"><p>Volantis, havayolu, denizyolu, demiryolu ve ya karayolu g\u00fcmr\u00fcklerinde m\u00fc\u015fterinin ihtiya\u00e7lar\u0131 do\u011frultusunda g\u00fcmr\u00fckleme i\u015flemlerinizi sizlerin ad\u0131na h\u0131zl\u0131, etkili ve sorunsuz \u015fekilde tamamlar.<\/p>\n<\/div><\/div><\/div>[\/vc_column][\/vc_row][vc_row][vc_column width=&#8221;1\/2&#8243;]<div class=\"zozo-features-list-wrapper vc-features-list\"><div class=\"features-list\"><div class=\"features-list-inner list-text-default\"><div class=\"features-icon\"><i class=\"fas fa-check list-icon\"><\/i><\/div><div class=\"list-desc\"><p>\u0130hracat g\u00fcmr\u00fckleme<\/p>\n<\/div><\/div><\/div><\/div><div class=\"zozo-features-list-wrapper vc-features-list\"><div class=\"features-list\"><div class=\"features-list-inner list-text-default\"><div class=\"features-icon\"><i class=\"fas fa-check list-icon\"><\/i><\/div><div class=\"list-desc\"><p>\u0130thalat g\u00fcmr\u00fckleme<\/p>\n<\/div><\/div><\/div><\/div><div class=\"zozo-features-list-wrapper vc-features-list\"><div class=\"features-list\"><div class=\"features-list-inner list-text-default\"><div class=\"features-icon\"><i class=\"fas fa-check list-icon\"><\/i><\/div><div class=\"list-desc\"><p>Transit i\u015flemleri<\/p>\n<\/div><\/div><\/div><\/div><div class=\"zozo-features-list-wrapper vc-features-list\"><div class=\"features-list\"><div class=\"features-list-inner list-text-default\"><div class=\"features-icon\"><i class=\"fas fa-check list-icon\"><\/i><\/div><div class=\"list-desc\"><p>Posta G\u00fcmr\u00fck \u0130\u015flemleri<\/p>\n<\/div><\/div><\/div><\/div>[\/vc_column][vc_column width=&#8221;1\/2&#8243;]<div class=\"zozo-features-list-wrapper vc-features-list\"><div class=\"features-list\"><div class=\"features-list-inner list-text-default\"><div class=\"features-icon\"><i class=\"fas fa-check list-icon\"><\/i><\/div><div class=\"list-desc\"><p>Tasfiye edilecek e\u015fyaya ili\u015fkin i\u015flemler<\/p>\n<\/div><\/div><\/div><\/div><div class=\"zozo-features-list-wrapper vc-features-list\"><div class=\"features-list\"><div class=\"features-list-inner list-text-default\"><div class=\"features-icon\"><i class=\"fas fa-check list-icon\"><\/i><\/div><div class=\"list-desc\"><p>Geri gelen e\u015fya i\u015flemleri<\/p>\n<\/div><\/div><\/div><\/div><div class=\"zozo-features-list-wrapper vc-features-list\"><div class=\"features-list\"><div class=\"features-list-inner list-text-default\"><div class=\"features-icon\"><i class=\"fas fa-check list-icon\"><\/i><\/div><div class=\"list-desc\"><p>G\u00f6zetim ve X-Ray i\u015flemleri hizmetinize sunulur.<\/p>\n<\/div><\/div><\/div><\/div>[\/vc_column][\/vc_row]<\/p>\n<\/section>","protected":false},"excerpt":{"rendered":"<p>[vc_row][vc_column][\/vc_column][\/vc_row][vc_row][vc_column width=&#8221;1\/2&#8243;][\/vc_column][vc_column width=&#8221;1\/2&#8243;][\/vc_column][\/vc_row]<\/p>\n","protected":false},"author":1,"featured_media":0,"parent":2178,"menu_order":0,"comment_status":"closed","ping_status":"closed","template":"","meta":{"ngg_post_thumbnail":0,"footnotes":""},"_links":{"self":[{"href":"https:\/\/www.volantislogistics.com\/index.php\/wp-json\/wp\/v2\/pages\/2307"}],"collection":[{"href":"https:\/\/www.volantislogistics.com\/index.php\/wp-json\/wp\/v2\/pages"}],"about":[{"href":"https:\/\/www.volantislogistics.com\/index.php\/wp-json\/wp\/v2\/types\/page"}],"author":[{"embeddable":true,"href":"https:\/\/www.volantislogistics.com\/index.php\/wp-json\/wp\/v2\/users\/1"}],"replies":[{"embeddable":true,"href":"https:\/\/www.volantislogistics.com\/index.php\/wp-json\/wp\/v2\/comments?post=2307"}],"version-history":[{"count":1,"href":"https:\/\/www.volantislogistics.com\/index.php\/wp-json\/wp\/v2\/pages\/2307\/revisions"}],"predecessor-version":[{"id":2309,"href":"https:\/\/www.volantislogistics.com\/index.php\/wp-json\/wp\/v2\/pages\/2307\/revisions\/2309"}],"up":[{"embeddable":true,"href":"https:\/\/www.volantislogistics.com\/index.php\/wp-json\/wp\/v2\/pages\/2178"}],"wp:attachment":[{"href":"https:\/\/www.volantislogistics.com\/index.php\/wp-json\/wp\/v2\/media?parent=2307"}],"curies":[{"name":"wp","href":"https:\/\/api.w.org\/{rel}","templated":true}]}}