{"id":2303,"date":"2021-06-07T17:32:45","date_gmt":"2021-06-07T14:32:45","guid":{"rendered":"https:\/\/www.volantislogistics.com\/?page_id=2303"},"modified":"2021-06-07T17:32:45","modified_gmt":"2021-06-07T14:32:45","slug":"depolama","status":"publish","type":"page","link":"https:\/\/www.volantislogistics.com\/index.php\/hizmetler\/depolama\/","title":{"rendered":"Depolama"},"content":{"rendered":"<section class=\"wpb-content-wrapper\"><p>[vc_row][vc_column]<div class=\"zozo-parallax-header\"><div class=\"parallax-header content-style-default\"><h2 class=\"parallax-title text-left\">Depolama<\/h2><div class=\"parallax-desc default-style text-left\"><p>Volantis, tedarik zincirindeki en \u00f6nemli halkalardan biri olan depolama ihtiya\u00e7lar\u0131n\u0131za, m\u00fc\u015fterilerinin b\u00fcy\u00fcmesine h\u0131z katmak i\u00e7in mod\u00fcler \u00e7\u00f6z\u00fcmler sunuyor. Var olan \u00fcretim hacminizi kar\u015f\u0131layamayan depolar\u0131n\u0131za destek olmak i\u00e7in her t\u00fcrl\u00fc depolama hizmeti ile kar\u015f\u0131n\u0131zday\u0131z.<\/p>\n<p>Depolamada; a\u015fa\u011f\u0131daki servislerimiz \u00fcr\u00fcn\u00fcn\u00fcze ve sizlerin ihtiya\u00e7lar\u0131na uygun \u015fekilde d\u00fc\u015f\u00fck maliyet y\u00fcksek hizmet kalitesi ile taraf\u0131n\u0131za sunulur.<\/p>\n<\/div><\/div><\/div>[\/vc_column][\/vc_row][vc_row][vc_column width=&#8221;1\/2&#8243;]<div class=\"zozo-features-list-wrapper vc-features-list\"><div class=\"features-list\"><div class=\"features-list-inner list-text-default\"><div class=\"features-icon\"><i class=\"fas fa-check list-icon\"><\/i><\/div><div class=\"list-desc\"><p>Ayn\u0131 depoda \u00e7ok kullan\u0131c\u0131l\u0131 hizmet<\/p>\n<\/div><\/div><\/div><\/div><div class=\"zozo-features-list-wrapper vc-features-list\"><div class=\"features-list\"><div class=\"features-list-inner list-text-default\"><div class=\"features-icon\"><i class=\"fas fa-check list-icon\"><\/i><\/div><div class=\"list-desc\"><p>Sekt\u00f6re \u00f6zel depo hizmeti<\/p>\n<\/div><\/div><\/div><\/div><div class=\"zozo-features-list-wrapper vc-features-list\"><div class=\"features-list\"><div class=\"features-list-inner list-text-default\"><div class=\"features-icon\"><i class=\"fas fa-check list-icon\"><\/i><\/div><div class=\"list-desc\"><p>\u00dcr\u00fcne \u00f6zelle\u015ftirilmi\u015f hizmet<\/p>\n<\/div><\/div><\/div><\/div><div class=\"zozo-features-list-wrapper vc-features-list\"><div class=\"features-list\"><div class=\"features-list-inner list-text-default\"><div class=\"features-icon\"><i class=\"fas fa-check list-icon\"><\/i><\/div><div class=\"list-desc\"><p>De\u011ferli \u00fcr\u00fcnlerin depolanmas\u0131<\/p>\n<\/div><\/div><\/div><\/div>[\/vc_column][vc_column width=&#8221;1\/2&#8243;]<div class=\"zozo-features-list-wrapper vc-features-list\"><div class=\"features-list\"><div class=\"features-list-inner list-text-default\"><div class=\"features-icon\"><i class=\"fas fa-check list-icon\"><\/i><\/div><div class=\"list-desc\"><p>Tehlikeli \u00fcr\u00fcnler i\u00e7in \u00f6zelle\u015ftirilmi\u015f depo hizmeti<\/p>\n<\/div><\/div><\/div><\/div><div class=\"zozo-features-list-wrapper vc-features-list\"><div class=\"features-list\"><div class=\"features-list-inner list-text-default\"><div class=\"features-icon\"><i class=\"fas fa-check list-icon\"><\/i><\/div><div class=\"list-desc\"><p>So\u011fuk zincir \u00fcr\u00fcnleri i\u00e7in \u00f6zel depolama hizmeti<\/p>\n<\/div><\/div><\/div><\/div><div class=\"zozo-features-list-wrapper vc-features-list\"><div class=\"features-list\"><div class=\"features-list-inner list-text-default\"><div class=\"features-icon\"><i class=\"fas fa-check list-icon\"><\/i><\/div><div class=\"list-desc\"><p>H\u0131rs\u0131zl\u0131k ve hasara kar\u015f\u0131 sigorta hizmeti<\/p>\n<\/div><\/div><\/div><\/div>[\/vc_column][\/vc_row]<\/p>\n<\/section>","protected":false},"excerpt":{"rendered":"<p>[vc_row][vc_column][\/vc_column][\/vc_row][vc_row][vc_column width=&#8221;1\/2&#8243;][\/vc_column][vc_column width=&#8221;1\/2&#8243;][\/vc_column][\/vc_row]<\/p>\n","protected":false},"author":1,"featured_media":0,"parent":2178,"menu_order":0,"comment_status":"closed","ping_status":"closed","template":"","meta":{"ngg_post_thumbnail":0,"footnotes":""},"_links":{"self":[{"href":"https:\/\/www.volantislogistics.com\/index.php\/wp-json\/wp\/v2\/pages\/2303"}],"collection":[{"href":"https:\/\/www.volantislogistics.com\/index.php\/wp-json\/wp\/v2\/pages"}],"about":[{"href":"https:\/\/www.volantislogistics.com\/index.php\/wp-json\/wp\/v2\/types\/page"}],"author":[{"embeddable":true,"href":"https:\/\/www.volantislogistics.com\/index.php\/wp-json\/wp\/v2\/users\/1"}],"replies":[{"embeddable":true,"href":"https:\/\/www.volantislogistics.com\/index.php\/wp-json\/wp\/v2\/comments?post=2303"}],"version-history":[{"count":1,"href":"https:\/\/www.volantislogistics.com\/index.php\/wp-json\/wp\/v2\/pages\/2303\/revisions"}],"predecessor-version":[{"id":2306,"href":"https:\/\/www.volantislogistics.com\/index.php\/wp-json\/wp\/v2\/pages\/2303\/revisions\/2306"}],"up":[{"embeddable":true,"href":"https:\/\/www.volantislogistics.com\/index.php\/wp-json\/wp\/v2\/pages\/2178"}],"wp:attachment":[{"href":"https:\/\/www.volantislogistics.com\/index.php\/wp-json\/wp\/v2\/media?parent=2303"}],"curies":[{"name":"wp","href":"https:\/\/api.w.org\/{rel}","templated":true}]}}