{"id":2292,"date":"2021-06-07T17:23:02","date_gmt":"2021-06-07T14:23:02","guid":{"rendered":"https:\/\/www.volantislogistics.com\/?page_id=2292"},"modified":"2021-06-07T17:23:02","modified_gmt":"2021-06-07T14:23:02","slug":"cross-trade","status":"publish","type":"page","link":"https:\/\/www.volantislogistics.com\/index.php\/hizmetler\/cross-trade\/","title":{"rendered":"Cross Trade"},"content":{"rendered":"<section class=\"wpb-content-wrapper\"><p>[vc_row][vc_column]<div class=\"zozo-parallax-header\"><div class=\"parallax-header content-style-default\"><h2 class=\"parallax-title text-left\">Cross Trade<\/h2><div class=\"parallax-desc default-style text-left\"><p>Volantis, geni\u015f ticaret yelpazesine sahip m\u00fc\u015fterilerin T\u00fcrkiye d\u0131\u015f\u0131ndaki bir \u00fclkeden ba\u015fka bir \u00fclkeye ta\u015f\u0131mac\u0131l\u0131k hizmetlerini sorunsuz ve g\u00fcvenilir bir \u015fekilde organize eder.<\/p>\n<p>Cross-trade ta\u015f\u0131mac\u0131l\u0131k i\u00e7in; servislerimizi hizmetinize sunar\u0131z.<\/p>\n<\/div><\/div><\/div>[\/vc_column][\/vc_row][vc_row][vc_column width=&#8221;1\/2&#8243;]<div class=\"zozo-features-list-wrapper vc-features-list\"><div class=\"features-list\"><div class=\"features-list-inner list-text-default\"><div class=\"features-icon\"><i class=\"fas fa-check list-icon\"><\/i><\/div><div class=\"list-desc\"><p>Tedarik\u00e7i ve al\u0131c\u0131 gizlili\u011fi<\/p>\n<\/div><\/div><\/div><\/div><div class=\"zozo-features-list-wrapper vc-features-list\"><div class=\"features-list\"><div class=\"features-list-inner list-text-default\"><div class=\"features-icon\"><i class=\"fas fa-check list-icon\"><\/i><\/div><div class=\"list-desc\"><p>Sorunsuz operasyon<\/p>\n<\/div><\/div><\/div><\/div><div class=\"zozo-features-list-wrapper vc-features-list\"><div class=\"features-list\"><div class=\"features-list-inner list-text-default\"><div class=\"features-icon\"><i class=\"fas fa-check list-icon\"><\/i><\/div><div class=\"list-desc\"><p>Kap\u0131dan kap\u0131ya hizmet<\/p>\n<\/div><\/div><\/div><\/div>[\/vc_column][vc_column width=&#8221;1\/2&#8243;]<div class=\"zozo-features-list-wrapper vc-features-list\"><div class=\"features-list\"><div class=\"features-list-inner list-text-default\"><div class=\"features-icon\"><i class=\"fas fa-check list-icon\"><\/i><\/div><div class=\"list-desc\"><p>So\u011fuk zincir, proje, ta\u015fmal\u0131, standart ve parsiyel y\u00fcklemelerin eksiksiz organizasyonu<\/p>\n<\/div><\/div><\/div><\/div><div class=\"zozo-features-list-wrapper vc-features-list\"><div class=\"features-list\"><div class=\"features-list-inner list-text-default\"><div class=\"features-icon\"><i class=\"fas fa-check list-icon\"><\/i><\/div><div class=\"list-desc\"><p>Global network a\u011f\u0131yla e\u015f zamanl\u0131 y\u00fckleme takibi<\/p>\n<\/div><\/div><\/div><\/div>[\/vc_column][\/vc_row]<\/p>\n<\/section>","protected":false},"excerpt":{"rendered":"<p>[vc_row][vc_column][\/vc_column][\/vc_row][vc_row][vc_column width=&#8221;1\/2&#8243;][\/vc_column][vc_column width=&#8221;1\/2&#8243;][\/vc_column][\/vc_row]<\/p>\n","protected":false},"author":1,"featured_media":0,"parent":2178,"menu_order":0,"comment_status":"closed","ping_status":"closed","template":"","meta":{"ngg_post_thumbnail":0,"footnotes":""},"_links":{"self":[{"href":"https:\/\/www.volantislogistics.com\/index.php\/wp-json\/wp\/v2\/pages\/2292"}],"collection":[{"href":"https:\/\/www.volantislogistics.com\/index.php\/wp-json\/wp\/v2\/pages"}],"about":[{"href":"https:\/\/www.volantislogistics.com\/index.php\/wp-json\/wp\/v2\/types\/page"}],"author":[{"embeddable":true,"href":"https:\/\/www.volantislogistics.com\/index.php\/wp-json\/wp\/v2\/users\/1"}],"replies":[{"embeddable":true,"href":"https:\/\/www.volantislogistics.com\/index.php\/wp-json\/wp\/v2\/comments?post=2292"}],"version-history":[{"count":1,"href":"https:\/\/www.volantislogistics.com\/index.php\/wp-json\/wp\/v2\/pages\/2292\/revisions"}],"predecessor-version":[{"id":2294,"href":"https:\/\/www.volantislogistics.com\/index.php\/wp-json\/wp\/v2\/pages\/2292\/revisions\/2294"}],"up":[{"embeddable":true,"href":"https:\/\/www.volantislogistics.com\/index.php\/wp-json\/wp\/v2\/pages\/2178"}],"wp:attachment":[{"href":"https:\/\/www.volantislogistics.com\/index.php\/wp-json\/wp\/v2\/media?parent=2292"}],"curies":[{"name":"wp","href":"https:\/\/api.w.org\/{rel}","templated":true}]}}