{"id":2289,"date":"2021-06-07T17:16:07","date_gmt":"2021-06-07T14:16:07","guid":{"rendered":"https:\/\/www.volantislogistics.com\/?page_id=2289"},"modified":"2021-06-07T18:02:30","modified_gmt":"2021-06-07T15:02:30","slug":"intermodal","status":"publish","type":"page","link":"https:\/\/www.volantislogistics.com\/index.php\/hizmetler\/intermodal\/","title":{"rendered":"Intermodal"},"content":{"rendered":"<section class=\"wpb-content-wrapper\"><p>[vc_row][vc_column]<div class=\"zozo-parallax-header\"><div class=\"parallax-header content-style-default\"><h2 class=\"parallax-title text-left\">Intermodal<\/h2><div class=\"parallax-desc default-style text-left\"><p>Volantis, sizlere komple ve parsiyel y\u00fcklemelerinizde alternatif hizmetler sunuyor. Inter-modal ta\u015f\u0131ma i\u015flemi s\u0131ras\u0131nda y\u00fcklemeler bir ta\u015f\u0131ma arac\u0131ndan di\u011ferine aktar\u0131larak, liman \u015fehri olmayan adreslere dahi h\u0131zl\u0131 lojistik \u00e7\u00f6z\u00fcmleri sunar. Karayolu, demiryolu, havayolu ve denizyolunun karma bir \u015fekilde kullan\u0131ld\u0131\u011f\u0131 bu ta\u015f\u0131ma modeli ile optimum s\u00fcre, minimum maliyet ve maksimum hizmet hedeflenmektedir.<\/p>\n<\/div><\/div><\/div>[\/vc_column][\/vc_row]<\/p>\n<\/section>","protected":false},"excerpt":{"rendered":"<p>[vc_row][vc_column][\/vc_column][\/vc_row]<\/p>\n","protected":false},"author":1,"featured_media":0,"parent":2178,"menu_order":0,"comment_status":"closed","ping_status":"closed","template":"","meta":{"ngg_post_thumbnail":0,"footnotes":""},"_links":{"self":[{"href":"https:\/\/www.volantislogistics.com\/index.php\/wp-json\/wp\/v2\/pages\/2289"}],"collection":[{"href":"https:\/\/www.volantislogistics.com\/index.php\/wp-json\/wp\/v2\/pages"}],"about":[{"href":"https:\/\/www.volantislogistics.com\/index.php\/wp-json\/wp\/v2\/types\/page"}],"author":[{"embeddable":true,"href":"https:\/\/www.volantislogistics.com\/index.php\/wp-json\/wp\/v2\/users\/1"}],"replies":[{"embeddable":true,"href":"https:\/\/www.volantislogistics.com\/index.php\/wp-json\/wp\/v2\/comments?post=2289"}],"version-history":[{"count":2,"href":"https:\/\/www.volantislogistics.com\/index.php\/wp-json\/wp\/v2\/pages\/2289\/revisions"}],"predecessor-version":[{"id":2332,"href":"https:\/\/www.volantislogistics.com\/index.php\/wp-json\/wp\/v2\/pages\/2289\/revisions\/2332"}],"up":[{"embeddable":true,"href":"https:\/\/www.volantislogistics.com\/index.php\/wp-json\/wp\/v2\/pages\/2178"}],"wp:attachment":[{"href":"https:\/\/www.volantislogistics.com\/index.php\/wp-json\/wp\/v2\/media?parent=2289"}],"curies":[{"name":"wp","href":"https:\/\/api.w.org\/{rel}","templated":true}]}}