{"id":2134,"date":"2021-06-04T18:33:16","date_gmt":"2021-06-04T15:33:16","guid":{"rendered":"https:\/\/www.volantislogistics.com\/?page_id=2134"},"modified":"2021-08-16T17:53:13","modified_gmt":"2021-08-16T14:53:13","slug":"yonetici-kadromuz","status":"publish","type":"page","link":"https:\/\/www.volantislogistics.com\/index.php\/kurumsal\/yonetici-kadromuz\/","title":{"rendered":"Y\u00f6netici Kadromuz"},"content":{"rendered":"<section class=\"wpb-content-wrapper\"><p>[vc_row][vc_column]<div class=\"zozo-parallax-header\"><div class=\"parallax-header content-style-default\"><h2 class=\"parallax-title text-left\">Y\u00f6netici Kadromuz<\/h2><\/div><\/div><div class=\"zozo-team-grid-wrapper team-box_type team-columns-4\"><div class=\"row team-grid-inner\"><div class=\"team-item col-md-3 col-sm-6 col-xs-12 text-center wpb_animate_when_almost_visible wpb_top-to-bottom\"><div class=\"team-item-inner\"><div class=\"team-item-img\"><img loading=\"lazy\" decoding=\"async\" src=\"https:\/\/www.volantislogistics.com\/wp-content\/uploads\/2021\/06\/OZGE-OZCAN-500x500.jpg\" width=\"500\" height=\"500\" alt=\"\u00d6zge Ustaba\u015f\/TR\" class=\"img-responsive\" \/><\/div><div class=\"team-content\"><p><span class=\"team-member-designation\">\u0130nsan Kaynaklar\u0131  M\u00fcd\u00fcr\u00fc<\/span><\/p><h5 class=\"team-member-name\"><a href=\"https:\/\/www.volantislogistics.com\/index.php\/team\/ozge-ustabas\/\" title=\"\u00d6zge Ustaba\u015f\/TR\">\u00d6zge Ustaba\u015f<\/a><\/h5><\/div><\/div><!--Team Inner Div End--><\/div><!--Column End--><div class=\"team-item col-md-3 col-sm-6 col-xs-12 text-center wpb_animate_when_almost_visible wpb_top-to-bottom\"><div class=\"team-item-inner\"><div class=\"team-item-img\"><img loading=\"lazy\" decoding=\"async\" src=\"https:\/\/www.volantislogistics.com\/wp-content\/uploads\/2021\/06\/b19940-500x500.jpg\" width=\"500\" height=\"500\" alt=\"Onur Y\u00fccel\/TR\" class=\"img-responsive\" \/><\/div><div class=\"team-content\"><p><span class=\"team-member-designation\">Denizyolu Sat\u0131\u015f M\u00fcd\u00fcr\u00fc<\/span><\/p><h5 class=\"team-member-name\"><a href=\"https:\/\/www.volantislogistics.com\/index.php\/team\/orkun-bayar\/\" title=\"Onur Y\u00fccel\/TR\">Onur Y\u00fccel<\/a><\/h5><\/div><\/div><!--Team Inner Div End--><\/div><!--Column End--><div class=\"team-item col-md-3 col-sm-6 col-xs-12 text-center wpb_animate_when_almost_visible wpb_top-to-bottom\"><div class=\"team-item-inner\"><div class=\"team-item-img\"><img loading=\"lazy\" decoding=\"async\" src=\"https:\/\/www.volantislogistics.com\/wp-content\/uploads\/2021\/06\/merve-fotograf-500x500.jpg\" width=\"500\" height=\"500\" alt=\"Merve \u00d6zkan R\u00fczgar\/TR\" class=\"img-responsive\" \/><\/div><div class=\"team-content\"><p><span class=\"team-member-designation\">Denizyolu Operasyon M\u00fcd\u00fcr\u00fc<\/span><\/p><h5 class=\"team-member-name\"><a href=\"https:\/\/www.volantislogistics.com\/index.php\/team\/hakan-kukey\/\" title=\"Merve \u00d6zkan R\u00fczgar\/TR\">Merve \u00d6zkan R\u00fczgar<\/a><\/h5><\/div><\/div><!--Team Inner Div End--><\/div><!--Column End--><div class=\"team-item col-md-3 col-sm-6 col-xs-12 text-center wpb_animate_when_almost_visible wpb_top-to-bottom\"><div class=\"team-item-inner\"><div class=\"team-item-img\"><img loading=\"lazy\" decoding=\"async\" src=\"https:\/\/www.volantislogistics.com\/wp-content\/uploads\/2021\/06\/BUGRA-GUNDOGDU-500x500.jpg\" width=\"500\" height=\"500\" alt=\"Bu\u011fracan G\u00fcndo\u011fdu\/TR\" class=\"img-responsive\" \/><\/div><div class=\"team-content\"><p><span class=\"team-member-designation\">\u0130talya Ofis M\u00fcd\u00fcr\u00fc<\/span><\/p><h5 class=\"team-member-name\"><a href=\"https:\/\/www.volantislogistics.com\/index.php\/team\/bugracan-gundogdu\/\" title=\"Bu\u011fracan G\u00fcndo\u011fdu\/TR\">Bu\u011fracan G\u00fcndo\u011fdu<\/a><\/h5><\/div><\/div><!--Team Inner Div End--><\/div><!--Column End--><div class=\"team-clearfix clearfix\"><\/div><div class=\"team-item col-md-3 col-sm-6 col-xs-12 text-center wpb_animate_when_almost_visible wpb_top-to-bottom\"><div class=\"team-item-inner\"><div class=\"team-item-img\"><img loading=\"lazy\" decoding=\"async\" src=\"https:\/\/www.volantislogistics.com\/wp-content\/uploads\/2021\/06\/SERKAN-SANLI-500x500.jpg\" width=\"500\" height=\"500\" alt=\"Serkan Sanl\u0131\/TR\" class=\"img-responsive\" \/><\/div><div class=\"team-content\"><p><span class=\"team-member-designation\">Genel Koordinat\u00f6r<\/span><\/p><h5 class=\"team-member-name\"><a href=\"https:\/\/www.volantislogistics.com\/index.php\/team\/serkan-sanli\/\" title=\"Serkan Sanl\u0131\/TR\">Serkan Sanl\u0131<\/a><\/h5><\/div><\/div><!--Team Inner Div End--><\/div><!--Column End--><div class=\"team-item col-md-3 col-sm-6 col-xs-12 text-center wpb_animate_when_almost_visible wpb_top-to-bottom\"><div class=\"team-item-inner\"><div class=\"team-item-img\"><img loading=\"lazy\" decoding=\"async\" src=\"https:\/\/www.volantislogistics.com\/wp-content\/uploads\/2021\/06\/Tarik-500x500.jpg\" width=\"500\" height=\"500\" alt=\"Tar\u0131k \u00d6zcan\/TR\" class=\"img-responsive\" \/><\/div><div class=\"team-content\"><p><span class=\"team-member-designation\">Genel M\u00fcd\u00fcr<\/span><\/p><h5 class=\"team-member-name\"><a href=\"https:\/\/www.volantislogistics.com\/index.php\/team\/tarik-ozcan\/\" title=\"Tar\u0131k \u00d6zcan\/TR\">Tar\u0131k \u00d6zcan<\/a><\/h5><\/div><\/div><!--Team Inner Div End--><\/div><!--Column End--><\/div><\/div>[\/vc_column][\/vc_row]<\/p>\n<\/section>","protected":false},"excerpt":{"rendered":"<p>[vc_row][vc_column][\/vc_column][\/vc_row]<\/p>\n","protected":false},"author":1,"featured_media":0,"parent":2127,"menu_order":0,"comment_status":"closed","ping_status":"closed","template":"","meta":{"ngg_post_thumbnail":0,"footnotes":""},"_links":{"self":[{"href":"https:\/\/www.volantislogistics.com\/index.php\/wp-json\/wp\/v2\/pages\/2134"}],"collection":[{"href":"https:\/\/www.volantislogistics.com\/index.php\/wp-json\/wp\/v2\/pages"}],"about":[{"href":"https:\/\/www.volantislogistics.com\/index.php\/wp-json\/wp\/v2\/types\/page"}],"author":[{"embeddable":true,"href":"https:\/\/www.volantislogistics.com\/index.php\/wp-json\/wp\/v2\/users\/1"}],"replies":[{"embeddable":true,"href":"https:\/\/www.volantislogistics.com\/index.php\/wp-json\/wp\/v2\/comments?post=2134"}],"version-history":[{"count":17,"href":"https:\/\/www.volantislogistics.com\/index.php\/wp-json\/wp\/v2\/pages\/2134\/revisions"}],"predecessor-version":[{"id":2576,"href":"https:\/\/www.volantislogistics.com\/index.php\/wp-json\/wp\/v2\/pages\/2134\/revisions\/2576"}],"up":[{"embeddable":true,"href":"https:\/\/www.volantislogistics.com\/index.php\/wp-json\/wp\/v2\/pages\/2127"}],"wp:attachment":[{"href":"https:\/\/www.volantislogistics.com\/index.php\/wp-json\/wp\/v2\/media?parent=2134"}],"curies":[{"name":"wp","href":"https:\/\/api.w.org\/{rel}","templated":true}]}}